{"id":146,"date":"2023-11-09T10:17:07","date_gmt":"2023-11-09T09:17:07","guid":{"rendered":"https:\/\/brunnsvatten-test.sgs.net\/?page_id=146"},"modified":"2023-11-09T10:17:07","modified_gmt":"2023-11-09T09:17:07","slug":"analysresultat-till-sgu-och-miljokontor","status":"publish","type":"page","link":"https:\/\/brunnsvatten.sgs.com\/index.php\/analysresultat-till-sgu-och-miljokontor\/","title":{"rendered":"Analysresultat till SGU och Milj\u00f6kontor"},"content":{"rendered":"\n<h1 class=\"wp-block-heading\">Analysresultat till SGU och Milj\u00f6kontor<\/h1>\n\n\n\n<h3 class=\"wp-block-heading\"><strong>Var med och bidra till SGUs nationella databas<\/strong><\/h3>\n\n\n\n<p>F\u00f6r att f\u00f6rb\u00e4ttra kunskapen om dricksvattenkvaliteten i svenska brunnar p\u00e5g\u00e5r en insamling av vattenanalyser.&nbsp;Detta g\u00f6rs&nbsp;f\u00f6r att&nbsp;uppm\u00e4rksamma&nbsp;de eventuella problem som finns i Sverige och f\u00f6r att kunna ge goda r\u00e5d till allm\u00e4nheten.&nbsp;Det m\u00f6jligg\u00f6r ocks\u00e5 att man kan s\u00e4tta in \u00e5tg\u00e4rder f\u00f6r att skydda grundvattnet mot f\u00f6roreningar.<\/p>\n\n\n\n<p>Ger ni som fastighets\u00e4gare&nbsp;medgivande till&nbsp;detta&nbsp;(genom att klicka i rutan p\u00e5 brunnsvatten.se) kommer analysen att datalagras\/registreras och&nbsp;behandlas i en databas tillsammans med uppgifterna&nbsp;som l\u00e4mnas i samband med best\u00e4llningen&nbsp;, d\u00e4ribland uppgifter om fastighetsbeteckning. Sveriges geologiska unders\u00f6kning (SGU) ansvarar f\u00f6r behandlingen av personuppgifterna och \u00e4r s.k. personuppgiftsansvarig.&nbsp;F\u00f6r att f\u00e5 registerutdrag eller beg\u00e4ra r\u00e4ttelse av uppgifter i enlighet med personuppgiftslagen (1998:204) kontakta SGU, Box 670, 751 28 Uppsala, tel. 018-17 90 00. Analysresultaten i databasen blir offentlig handling.<\/p>\n\n\n\n<h3 class=\"wp-block-heading\"><strong>Kopia till milj\u00f6kontoret<\/strong><\/h3>\n\n\n\n<p>Vid medgivande fr\u00e5n er skickas en kopia av analysprotokollet till ert Milj\u00f6kontor. Milj\u00f6kontoren arbetar med informationsspridning om dricksvatten&nbsp;fr\u00e5n enskilda brunnar i Sveriges kommuner. Resultaten anv\u00e4nds \u00e4ven i kommunens VA-planering och vid utv\u00e4rdering av grundvattnet i kommunen .&nbsp; Dessa dokument blir offentliga handlingar via kommunen.<\/p>\n\n\n\n<p><em>SGS rekommenderar alla att dela med sig av sina analysresultat f\u00f6r allm\u00e4nhetens b\u00e4sta, men det \u00e4r helt frivilligt!<\/em><\/p>\n","protected":false},"excerpt":{"rendered":"<p>Analysresultat till SGU och Milj\u00f6kontor Var med och bidra till SGUs nationella databas F\u00f6r att f\u00f6rb\u00e4ttra kunskapen om dricksvattenkvaliteten i svenska brunnar p\u00e5g\u00e5r en insamling av vattenanalyser.&nbsp;Detta g\u00f6rs&nbsp;f\u00f6r att&nbsp;uppm\u00e4rksamma&nbsp;de eventuella problem som finns i Sverige och f\u00f6r att kunna ge goda r\u00e5d till allm\u00e4nheten.&nbsp;Det m\u00f6jligg\u00f6r ocks\u00e5 att man kan s\u00e4tta in \u00e5tg\u00e4rder f\u00f6r att skydda [&hellip;]<\/p>\n","protected":false},"author":1,"featured_media":0,"parent":0,"menu_order":0,"comment_status":"closed","ping_status":"closed","template":"","meta":{"footnotes":""},"class_list":["post-146","page","type-page","status-publish","hentry"],"blocksy_meta":[],"yoast_head":"<!-- This site is optimized with the Yoast SEO plugin v27.3 - https:\/\/yoast.com\/product\/yoast-seo-wordpress\/ -->\r\n<title>Analysresultat till SGU och Milj\u00f6kontor<\/title>\r\n<meta name=\"robots\" content=\"index, follow, max-snippet:-1, max-image-preview:large, max-video-preview:-1\" \/>\r\n<link rel=\"canonical\" href=\"https:\/\/brunnsvatten.sgs.com\/index.php\/analysresultat-till-sgu-och-miljokontor\/\" \/>\r\n<meta property=\"og:locale\" content=\"sv_SE\" \/>\r\n<meta property=\"og:type\" content=\"article\" \/>\r\n<meta property=\"og:title\" content=\"Analysresultat till SGU och Milj\u00f6kontor\" \/>\r\n<meta property=\"og:description\" content=\"Analysresultat till SGU och Milj\u00f6kontor Var med och bidra till SGUs nationella databas F\u00f6r att f\u00f6rb\u00e4ttra kunskapen om dricksvattenkvaliteten i svenska brunnar p\u00e5g\u00e5r en insamling av vattenanalyser.&nbsp;Detta g\u00f6rs&nbsp;f\u00f6r att&nbsp;uppm\u00e4rksamma&nbsp;de eventuella problem som finns i Sverige och f\u00f6r att kunna ge goda r\u00e5d till allm\u00e4nheten.&nbsp;Det m\u00f6jligg\u00f6r ocks\u00e5 att man kan s\u00e4tta in \u00e5tg\u00e4rder f\u00f6r att skydda [&hellip;]\" \/>\r\n<meta property=\"og:url\" content=\"https:\/\/brunnsvatten.sgs.com\/index.php\/analysresultat-till-sgu-och-miljokontor\/\" \/>\r\n<meta property=\"og:site_name\" content=\"Brunnsvatten\" \/>\r\n<meta property=\"article:publisher\" content=\"https:\/\/www.facebook.com\/Brunnsvatten\" \/>\r\n<meta name=\"twitter:card\" content=\"summary_large_image\" \/>\r\n<meta name=\"twitter:label1\" content=\"Ber\u00e4knad l\u00e4stid\" \/>\n\t<meta name=\"twitter:data1\" content=\"1 minut\" \/>\r\n<script type=\"application\/ld+json\" class=\"yoast-schema-graph\">{\"@context\":\"https:\\\/\\\/schema.org\",\"@graph\":[{\"@type\":\"WebPage\",\"@id\":\"https:\\\/\\\/brunnsvatten.sgs.com\\\/index.php\\\/analysresultat-till-sgu-och-miljokontor\\\/\",\"url\":\"https:\\\/\\\/brunnsvatten.sgs.com\\\/index.php\\\/analysresultat-till-sgu-och-miljokontor\\\/\",\"name\":\"Analysresultat till SGU och Milj\u00f6kontor\",\"isPartOf\":{\"@id\":\"https:\\\/\\\/brunnsvatten.sgs.com\\\/#website\"},\"datePublished\":\"2023-11-09T09:17:07+00:00\",\"breadcrumb\":{\"@id\":\"https:\\\/\\\/brunnsvatten.sgs.com\\\/index.php\\\/analysresultat-till-sgu-och-miljokontor\\\/#breadcrumb\"},\"inLanguage\":\"sv-SE\",\"potentialAction\":[{\"@type\":\"ReadAction\",\"target\":[\"https:\\\/\\\/brunnsvatten.sgs.com\\\/index.php\\\/analysresultat-till-sgu-och-miljokontor\\\/\"]}]},{\"@type\":\"BreadcrumbList\",\"@id\":\"https:\\\/\\\/brunnsvatten.sgs.com\\\/index.php\\\/analysresultat-till-sgu-och-miljokontor\\\/#breadcrumb\",\"itemListElement\":[{\"@type\":\"ListItem\",\"position\":1,\"name\":\"Home\",\"item\":\"https:\\\/\\\/brunnsvatten.sgs.com\\\/\"},{\"@type\":\"ListItem\",\"position\":2,\"name\":\"Analysresultat till SGU och Milj\u00f6kontor\"}]},{\"@type\":\"WebSite\",\"@id\":\"https:\\\/\\\/brunnsvatten.sgs.com\\\/#website\",\"url\":\"https:\\\/\\\/brunnsvatten.sgs.com\\\/\",\"name\":\"Brunnsvatten: SGS Webbshop\",\"description\":\"Vatten \u00e4r ett av v\u00e5ra viktigaste livsmedel och vi p\u00e5 SGS vill g\u00f6ra det tryggt f\u00f6r alla att dricka sitt vatten.\",\"publisher\":{\"@id\":\"https:\\\/\\\/brunnsvatten.sgs.com\\\/#organization\"},\"alternateName\":\"Brunnsvatten\",\"potentialAction\":[{\"@type\":\"SearchAction\",\"target\":{\"@type\":\"EntryPoint\",\"urlTemplate\":\"https:\\\/\\\/brunnsvatten.sgs.com\\\/?s={search_term_string}\"},\"query-input\":{\"@type\":\"PropertyValueSpecification\",\"valueRequired\":true,\"valueName\":\"search_term_string\"}}],\"inLanguage\":\"sv-SE\"},{\"@type\":\"Organization\",\"@id\":\"https:\\\/\\\/brunnsvatten.sgs.com\\\/#organization\",\"name\":\"SGS Analytics Sweden AB\",\"url\":\"https:\\\/\\\/brunnsvatten.sgs.com\\\/\",\"logo\":{\"@type\":\"ImageObject\",\"inLanguage\":\"sv-SE\",\"@id\":\"https:\\\/\\\/brunnsvatten.sgs.com\\\/#\\\/schema\\\/logo\\\/image\\\/\",\"url\":\"https:\\\/\\\/brunnsvatten.sgs.com\\\/wp-content\\\/uploads\\\/2023\\\/10\\\/SGS_brunnsvatten.png\",\"contentUrl\":\"https:\\\/\\\/brunnsvatten.sgs.com\\\/wp-content\\\/uploads\\\/2023\\\/10\\\/SGS_brunnsvatten.png\",\"width\":651,\"height\":78,\"caption\":\"SGS Analytics Sweden AB\"},\"image\":{\"@id\":\"https:\\\/\\\/brunnsvatten.sgs.com\\\/#\\\/schema\\\/logo\\\/image\\\/\"},\"sameAs\":[\"https:\\\/\\\/www.facebook.com\\\/Brunnsvatten\"]}]}<\/script>\r\n<!-- \/ Yoast SEO plugin. -->","yoast_head_json":{"title":"Analysresultat till SGU och Milj\u00f6kontor","robots":{"index":"index","follow":"follow","max-snippet":"max-snippet:-1","max-image-preview":"max-image-preview:large","max-video-preview":"max-video-preview:-1"},"canonical":"https:\/\/brunnsvatten.sgs.com\/index.php\/analysresultat-till-sgu-och-miljokontor\/","og_locale":"sv_SE","og_type":"article","og_title":"Analysresultat till SGU och Milj\u00f6kontor","og_description":"Analysresultat till SGU och Milj\u00f6kontor Var med och bidra till SGUs nationella databas F\u00f6r att f\u00f6rb\u00e4ttra kunskapen om dricksvattenkvaliteten i svenska brunnar p\u00e5g\u00e5r en insamling av vattenanalyser.&nbsp;Detta g\u00f6rs&nbsp;f\u00f6r att&nbsp;uppm\u00e4rksamma&nbsp;de eventuella problem som finns i Sverige och f\u00f6r att kunna ge goda r\u00e5d till allm\u00e4nheten.&nbsp;Det m\u00f6jligg\u00f6r ocks\u00e5 att man kan s\u00e4tta in \u00e5tg\u00e4rder f\u00f6r att skydda [&hellip;]","og_url":"https:\/\/brunnsvatten.sgs.com\/index.php\/analysresultat-till-sgu-och-miljokontor\/","og_site_name":"Brunnsvatten","article_publisher":"https:\/\/www.facebook.com\/Brunnsvatten","twitter_card":"summary_large_image","twitter_misc":{"Ber\u00e4knad l\u00e4stid":"1 minut"},"schema":{"@context":"https:\/\/schema.org","@graph":[{"@type":"WebPage","@id":"https:\/\/brunnsvatten.sgs.com\/index.php\/analysresultat-till-sgu-och-miljokontor\/","url":"https:\/\/brunnsvatten.sgs.com\/index.php\/analysresultat-till-sgu-och-miljokontor\/","name":"Analysresultat till SGU och Milj\u00f6kontor","isPartOf":{"@id":"https:\/\/brunnsvatten.sgs.com\/#website"},"datePublished":"2023-11-09T09:17:07+00:00","breadcrumb":{"@id":"https:\/\/brunnsvatten.sgs.com\/index.php\/analysresultat-till-sgu-och-miljokontor\/#breadcrumb"},"inLanguage":"sv-SE","potentialAction":[{"@type":"ReadAction","target":["https:\/\/brunnsvatten.sgs.com\/index.php\/analysresultat-till-sgu-och-miljokontor\/"]}]},{"@type":"BreadcrumbList","@id":"https:\/\/brunnsvatten.sgs.com\/index.php\/analysresultat-till-sgu-och-miljokontor\/#breadcrumb","itemListElement":[{"@type":"ListItem","position":1,"name":"Home","item":"https:\/\/brunnsvatten.sgs.com\/"},{"@type":"ListItem","position":2,"name":"Analysresultat till SGU och Milj\u00f6kontor"}]},{"@type":"WebSite","@id":"https:\/\/brunnsvatten.sgs.com\/#website","url":"https:\/\/brunnsvatten.sgs.com\/","name":"Brunnsvatten: SGS Webbshop","description":"Vatten \u00e4r ett av v\u00e5ra viktigaste livsmedel och vi p\u00e5 SGS vill g\u00f6ra det tryggt f\u00f6r alla att dricka sitt vatten.","publisher":{"@id":"https:\/\/brunnsvatten.sgs.com\/#organization"},"alternateName":"Brunnsvatten","potentialAction":[{"@type":"SearchAction","target":{"@type":"EntryPoint","urlTemplate":"https:\/\/brunnsvatten.sgs.com\/?s={search_term_string}"},"query-input":{"@type":"PropertyValueSpecification","valueRequired":true,"valueName":"search_term_string"}}],"inLanguage":"sv-SE"},{"@type":"Organization","@id":"https:\/\/brunnsvatten.sgs.com\/#organization","name":"SGS Analytics Sweden AB","url":"https:\/\/brunnsvatten.sgs.com\/","logo":{"@type":"ImageObject","inLanguage":"sv-SE","@id":"https:\/\/brunnsvatten.sgs.com\/#\/schema\/logo\/image\/","url":"https:\/\/brunnsvatten.sgs.com\/wp-content\/uploads\/2023\/10\/SGS_brunnsvatten.png","contentUrl":"https:\/\/brunnsvatten.sgs.com\/wp-content\/uploads\/2023\/10\/SGS_brunnsvatten.png","width":651,"height":78,"caption":"SGS Analytics Sweden AB"},"image":{"@id":"https:\/\/brunnsvatten.sgs.com\/#\/schema\/logo\/image\/"},"sameAs":["https:\/\/www.facebook.com\/Brunnsvatten"]}]}},"_links":{"self":[{"href":"https:\/\/brunnsvatten.sgs.com\/index.php\/wp-json\/wp\/v2\/pages\/146","targetHints":{"allow":["GET"]}}],"collection":[{"href":"https:\/\/brunnsvatten.sgs.com\/index.php\/wp-json\/wp\/v2\/pages"}],"about":[{"href":"https:\/\/brunnsvatten.sgs.com\/index.php\/wp-json\/wp\/v2\/types\/page"}],"author":[{"embeddable":true,"href":"https:\/\/brunnsvatten.sgs.com\/index.php\/wp-json\/wp\/v2\/users\/1"}],"replies":[{"embeddable":true,"href":"https:\/\/brunnsvatten.sgs.com\/index.php\/wp-json\/wp\/v2\/comments?post=146"}],"version-history":[{"count":1,"href":"https:\/\/brunnsvatten.sgs.com\/index.php\/wp-json\/wp\/v2\/pages\/146\/revisions"}],"predecessor-version":[{"id":147,"href":"https:\/\/brunnsvatten.sgs.com\/index.php\/wp-json\/wp\/v2\/pages\/146\/revisions\/147"}],"wp:attachment":[{"href":"https:\/\/brunnsvatten.sgs.com\/index.php\/wp-json\/wp\/v2\/media?parent=146"}],"curies":[{"name":"wp","href":"https:\/\/api.w.org\/{rel}","templated":true}]}}