{"id":148,"date":"2023-11-09T10:18:25","date_gmt":"2023-11-09T09:18:25","guid":{"rendered":"https:\/\/brunnsvatten-test.sgs.net\/?page_id=148"},"modified":"2023-11-09T10:18:25","modified_gmt":"2023-11-09T09:18:25","slug":"om-brunnsvatten","status":"publish","type":"page","link":"https:\/\/brunnsvatten.sgs.com\/index.php\/om-brunnsvatten\/","title":{"rendered":"Om Brunnsvatten"},"content":{"rendered":"\n<h2 class=\"wp-block-heading\"><strong><u>Allm\u00e4n information om dricksvattenbrunnar:<\/u><\/strong><\/h2>\n\n\n\n<p>Dricksvattnet&nbsp;\u00e4r det viktigaste livsmedlet vi har och att s\u00e4kerst\u00e4lla att det \u00e4r rent och fritt fr\u00e5n mikroorganismer och kemiska f\u00f6roreningar \u00e4r en f\u00f6ruts\u00e4ttning f\u00f6r att vi ska h\u00e5lla oss friska. Det \u00e4r du som fastighets\u00e4gare\/brunns\u00e4gare som \u00e4r ansvarig f\u00f6r att s\u00e4kerst\u00e4lla en god dricksvattenkvalitet.<\/p>\n\n\n\n<p><strong>Det \u00e4r f\u00f6rst n\u00e4r vattnet \u00e4r analyserat hos ett ackrediterat laboratorium som man verkligen vet om det h\u00e5ller god kvalitet.<br><\/strong>Vid en vattenanalys b\u00f6r det unders\u00f6kas f\u00f6rekomsten av mikroorganismer och kemiska \u00e4mnen, samt vattnets fysikaliska egenskaper, i enlighet med Livsmedelsverkets r\u00e5d. SGS har valt att kalla paketen som omfattar dessa analyser f\u00f6r \u201dTrygghetspaket\u201d. Livsmedelsverket rekommenderar att man ska kontrollera sitt dricksvatten minst vart tredje \u00e5r f\u00f6r att s\u00e4kerst\u00e4lla att det \u00e4r h\u00e4lsosamt att dricka. Det b\u00f6r ocks\u00e5 kontrolleras akut om f\u00e4rg, lukt eller smak f\u00f6r\u00e4ndras.<br>Det inneb\u00e4r att du har ansvar f\u00f6r att kontrollera brunnen och ta prover p\u00e5 vattnet, det \u00e4r \u00e4ven du som b\u00f6r \u00e5tg\u00e4rda eventuella problem.<\/p>\n\n\n\n<p><strong>F\u00f6r att kunna sk\u00f6ta om brunnen och ert vatten, \u00e4r det viktigt att ni l\u00e4r er hur just er anl\u00e4ggning fungerar och testar vattnet regelbundet.<\/strong><br>En vattenbrunn uts\u00e4tts f\u00f6r stora p\u00e5frestningar under \u00e5ret. Tj\u00e4le och sn\u00f6 p\u00e5 vintern, sm\u00e4ltvatten och h\u00f6ga vattenfl\u00f6den p\u00e5 v\u00e5ren, torka och l\u00e5gt grundvatten p\u00e5 sommaren och regn och \u00f6versv\u00e4mning p\u00e5 h\u00f6sten. Problemen skiljer sig men ger ofta o\u00f6nskade effekter p\u00e5 dricksvattenkvaliteten.<br>Brunnen kan ocks\u00e5 p\u00e5verkas av ytvatten som drar med sig f\u00f6roreningar fr\u00e5n marken runt brunnen, l\u00e4ckande avloppsanl\u00e4ggningar i n\u00e4rheten, h\u00f6ga halter av metaller och radioaktiva \u00e4mnen i berggrunden eller saltvattenintr\u00e4ngning i kustn\u00e4ra omr\u00e5den.<\/p>\n\n\n\n<p><strong>Vattenkvaliteten kan snabbt f\u00f6r\u00e4ndras fr\u00e5n drickbart till h\u00e4lsoskadligt, fr\u00e5n en \u00e5rstid till en annan, om man inte underh\u00e5ller brunnen.<\/strong><br>L\u00e4r dig ditt vattens egenskaper och se till att vattnet inte \u00e4r grumligt, luktar eller smakar illa. Men att bara lukta eller smaka p\u00e5 vattnet r\u00e4cker inte f\u00f6r att avg\u00f6ra om det \u00e4r s\u00e4kert att dricka och anv\u00e4nda. Upplever du en f\u00f6r\u00e4ndring kan det indikera p\u00e5 att n\u00e5got \u00e4r fel, det \u00e4r d\u00e5 rekommenderat att koka vattnet och skicka in det f\u00f6r analys s\u00e5 snabbt det \u00e4r m\u00f6jligt.<br>Utf\u00e4llningar av till exempel kalk, salt, j\u00e4rn, mangan och koppar p\u00e5verkar ibland disk- och tv\u00e4ttmaskiner, varmvattenberedare, badrumsinredning och tv\u00e4tt. Vilket kan g\u00f6ra att installationens livsl\u00e4ngd f\u00f6rkortats och i v\u00e4rsta fall medf\u00f6ra vattenl\u00e4ckor.<br>Den vanligaste orsaken till f\u00f6rorenat brunnsvatten \u00e4r att brunnslocket eller brunnen \u00e4r ot\u00e4t. Det g\u00f6r att ytvatten och sm\u00e5djur kan komma in i brunnen. Det kan i sin tur leda till att vattnet blir f\u00f6rorenat med bakterier och andra mikroorganismer.<br>Det kan \u00e4ven finnas andra omst\u00e4ndigheter som p\u00e5verkar kvaliteten p\u00e5 ditt vatten, till exempel l\u00e4ckande avloppsr\u00f6r, jordbruk, g\u00f6dselupplag, oljespill och dagvatten fr\u00e5n asfalterade ytor. Brunnen b\u00f6r ha en konstruktion som \u00e4r t\u00e4t till den niv\u00e5 d\u00e4r grundvattnet kan till\u00e5tas rinna in i brunnen, d\u00e5 st\u00e4ngs ytvatten och ytligt grundvatten med s\u00e4mre vattenkvalitet ute. S\u00e4rskilt k\u00e4nsliga \u00e4r gr\u00e4vda brunnar, men f\u00f6roreningar kan ocks\u00e5 drabba bergborrade brunnar. Enligt studie gjord av Socialstyrelsens var n\u00e4rmare 35% av proverna fr\u00e5n de gr\u00e4vda brunnarna och drygt 10% av de bergborrade brunnarna otj\u00e4nliga som dricksvatten.<\/p>\n\n\n\n<p><strong><u>Visuell kontroll:<\/u><\/strong><br>Ta f\u00f6r vana att g\u00f6ra en visuell kontroll av brunnen ett par g\u00e5nger om \u00e5ret, g\u00e4rna v\u00e5r och h\u00f6st, d\u00e5 det \u00e4r h\u00f6ga fl\u00f6den.<br>S\u00e4kerst\u00e4ll d\u00e5 att:<\/p>\n\n\n\n<ul class=\"wp-block-list\">\n<li>det inte finns v\u00e4xtlighet runt brunnen vars r\u00f6tter v\u00e4xer in<\/li>\n\n\n\n<li>vatten inte st\u00e4ller sig runt och \u00f6ver brunnslocket<\/li>\n\n\n\n<li>brunnslocket \u00e4r helt och t\u00e4tt, med en avluftning som \u00e4r utformad s\u00e5 att inte sm\u00e5kryp kan ta sig in.<\/li>\n\n\n\n<li>skarvarna \u00e4r hela och r\u00e4tt konstruerade, g\u00e4ller b\u00e5de cementr\u00f6r och svetsfogar<\/li>\n\n\n\n<li>ledningsgenomf\u00f6ringen \u00e4r t\u00e4t<\/li>\n\n\n\n<li>det \u00e4r t\u00e4tt mellan eventuellt foderr\u00f6r och berg<\/li>\n<\/ul>\n\n\n\n<p><strong><u>\u00d6versv\u00e4mning:<\/u><\/strong><br>\u00d6versv\u00e4mningar kan leda till att vatten fr\u00e5n markytan rinner ner i brunnen och f\u00f6rorenar dricksvattnet med virus och bakterier. Den stora vattenm\u00e4ngden kan ocks\u00e5 g\u00f6ra att \u00e4mnen frig\u00f6ras fr\u00e5n marken kring din brunn och tar sig in i dricksvattnet.<br>Livsmedelsverket rekommenderar:<\/p>\n\n\n\n<ul class=\"wp-block-list\">\n<li>Koka vattnet s\u00e5 l\u00e4nge det \u00e4r \u00f6versv\u00e4mning och en tid d\u00e4r efter. Koka kraftigt, d\u00e5 d\u00f6r bakterier, virus och parasiter.<\/li>\n\n\n\n<li>Kan vara bra att avst\u00e5 fr\u00e5n att duscha i f\u00f6rorenat vatten f\u00f6r att undvika risk f\u00f6r infektioner. Infektioner kan uppst\u00e5 om man till exempel har \u00f6ppna s\u00e5r eller om man r\u00e5kar sv\u00e4lja vattnet.<\/li>\n\n\n\n<li>N\u00e4r vattnet sjunkit undan, unders\u00f6k hur \u00f6versv\u00e4mningen p\u00e5verkat din brunn och \u00e5tg\u00e4rda eventuella skador.<\/li>\n\n\n\n<li>Oms\u00e4tt vattnet v\u00e4l och reng\u00f6r brunnen med hj\u00e4lp av fackman, om det beh\u00f6vs.<\/li>\n\n\n\n<li>Skicka in minst ett vattenprov f\u00f6r analys, f\u00f6r att s\u00e4kerst\u00e4lla att vattnet har dricksvattenkvalitet.<\/li>\n<\/ul>\n\n\n\n<p>V\u00e4rt att t\u00e4nka p\u00e5 om man har enskilt avlopp, vid \u00f6versv\u00e4mning kan anl\u00e4ggningen fungera s\u00e4mre och det finns en risk att orenat vatten l\u00e4cker ut.<\/p>\n\n\n\n<p><strong><u>Torka:<\/u><\/strong><br>Torka leder till att vatten fr\u00e5n ett st\u00f6rre avrinningsomr\u00e5de tr\u00e4nger in i brunnen. Det kan leda till att vattnets smak, lukt och f\u00e4rg f\u00f6r\u00e4ndras och att vattenkvaliteten \u00e4r f\u00f6r\u00e4ndrad.<br>Med minskat hydrostatiskt tryck i och med tommare grundvattenreservoarer \u00f6kar risken att omgivande havsvatten tr\u00e4nger in i brunnsvattnet. Intr\u00e4ngande havsvatten \u00e4r ett problem i framf\u00f6rallt kustn\u00e4ra brunnar och i sk\u00e4rg\u00e5rdsmilj\u00f6. \u00c4ven en m\u00e5ttlig salt\u00f6kning, som ligger under vad vi kan k\u00e4nna smak av, \u00e4r skadligt f\u00f6r till exempel&nbsp;pump, hydrofor, varmvattenberedare, kopplingar, disk- och tv\u00e4ttmaskin. Det g\u00f6r att utrustning och maskiner rostar mer eller korroderar, dvs \u00e5ldras och slits i f\u00f6rtid. \u00c4ven bevattnade gr\u00f6dor kan ta skada av salt i vattnet.<\/p>\n\n\n\n<p><strong><u>Problem med brunnen:<\/u><\/strong><br>Om vattenanalysen visar att kvaliteten p\u00e5 brunnsvatten \u00e4r \u201dotj\u00e4nligt\u201d eller \u201dtj\u00e4nligt med anm\u00e4rkning\u201d, \u00e4r det upp till fastighets\u00e4garen att \u00e5tg\u00e4rda detta. Till att b\u00f6rja med b\u00f6r man se \u00f6ver brunnens skick, konstruktion och placering och \u00e5tg\u00e4rda eventuella brister. Blir man inte kvitt problemen g\u00e5r det att installera olika typer av vattenfilter, vilka kan l\u00f6sa de flesta kvalitetsbrister.<br>N\u00e4r man ska investerar i en reningsutrustning b\u00f6r man se till att leverant\u00f6ren och\/eller installat\u00f6ren l\u00e4mnar n\u00e5gon form av funktionsgaranti. Prim\u00e4rt \u00e4r att vattnet ska uppn\u00e5 den kvalitet som \u00e4r \u00f6verenskommen. Rening uppn\u00e5s ofta genom filtrering och\/eller tillsatser och det \u00e4r viktigt att material som v\u00e4ljs vid installationen inte p\u00e5verkar dricksvattnet, det ska inte heller tillf\u00f6rs on\u00f6digt mycket tillsatser med risk f\u00f6r att reningen ger upphov till \u00f6kad korrosion eller smakf\u00f6r\u00e4ndring.<br>Den utrustning man v\u00e4ljer b\u00f6r vara prisv\u00e4rd, drifts\u00e4ker, l\u00e4ttsk\u00f6tt och l\u00e4tt\u00e5tkomlig. En anl\u00e4ggning med mycket kemikalier kan vara opraktisk att hantera. Komplicerad elektronisk reglering kan vara smidig men orsaka driftproblem. Men vad man \u00e4n v\u00e4ljer kommer man aldrig ifr\u00e5n vikten av att sk\u00f6ta om sin vattenanl\u00e4ggning.<br>Att leverant\u00f6ren av filtret anv\u00e4nder sig av ett externt ackrediterat labb f\u00f6r analyserna \u00e4r generellt ett tecken p\u00e5 deras seriositet. Analysprotokollet ligger till grund f\u00f6r vilka \u00e5tg\u00e4rder och vilka typ av filter som b\u00f6r installeras. Ta in offerter och fr\u00e5ga efter referenser fr\u00e5n fler \u00e4n ett f\u00f6retag om det \u00e4r m\u00f6jligt.<br>SGS som ackrediterat laboratorierna \u00e4r oberoende, vi kan d\u00e4rf\u00f6r inte rekommendera vilka reningsmetoder eller vattenfilter som \u00e4r l\u00e4mpligast. Det inneb\u00e4r att du sj\u00e4lv f\u00e5r ta kontakt med ett vattenreningsf\u00f6retag som, med utg\u00e5ngspunkt fr\u00e5n analysprotokollet, f\u00f6resl\u00e5r en l\u00e4mplig reningsutrustning.<\/p>\n\n\n\n<p><strong><u>Dags f\u00f6r ny brunn:<\/u><\/strong><br>Visar det sig att brunnen \u00e4r felplacerad eller kr\u00e4ver omfattande \u00e5tg\u00e4rder kan det ibland vara mer prisv\u00e4rt att borra ny brunn. Brunnsborrning \u00e4r en stor investering och det \u00e4r d\u00e4rf\u00f6r viktigt att v\u00e4lja en p\u00e5litlig brunnsborrare. Ta in offerter och fr\u00e5ga efter referenser fr\u00e5n fler \u00e4n ett f\u00f6retag om det \u00e4r m\u00f6jligt. Om man funderar p\u00e5 att l\u00e5ta g\u00f6ra en brunn \u00e4r Sveriges geologiska unders\u00f6kning, SGU, en bra f\u00f6rsta kontakt. Via branschorganisationen Borrf\u00f6retagen kan du ta reda p\u00e5 vilka certifierade brunnsborrare det finns i n\u00e4rheten av dig.<br>Det finns fyra huvudtyper av brunnar bergborrade brunnar, filterbrunnar, r\u00f6rspetsbrunnar och gr\u00e4vda brunnar. Vilken typ som passar b\u00e4st beror p\u00e5 de geologiska f\u00f6ruts\u00e4ttningarna d\u00e4r du bor, samt kraven p\u00e5 m\u00e4ngd och kvalitet p\u00e5 vattnet.<\/p>\n\n\n\n<p><strong><u>Vid f\u00f6rs\u00e4ljning\/k\u00f6p av fastighet med enskilt vatten:<\/u><\/strong><br>Vid f\u00f6rs\u00e4ljning av en fastighet med enskilt vatten b\u00f6r det g\u00f6ras en komplett analys enligt livsmedelsverkets r\u00e5d. Vattnet f\u00f6r\u00e4ndras och d\u00e4r med b\u00f6r inte analysresultat vara \u00e4ldre \u00e4n tre \u00e5r. Normal handl\u00e4ggningstid fr\u00e5n best\u00e4llning till resultat, \u00e4r hos SGS 15 arbetsdagar, s\u00e5 se till att vara ute i god tid. Ett otj\u00e4nligt vatten kan bli en stor utgift och b\u00f6r r\u00e4knas in i f\u00f6rs\u00e4ljning\/k\u00f6p.<br>Det rekommenderas \u00e4ven att man ser \u00f6ver hur avloppsanl\u00e4ggningen fungerar och att den \u00e4r i gott skick.<\/p>\n\n\n\n<p><a href=\"https:\/\/www.sgu.se\/grundvatten\/brunnar-och-dricksvatten\/provta-vattnet-i-din-brunn\/\" target=\"_blank\" rel=\"noreferrer noopener\">H\u00e4r visas hur man g\u00f6r f\u00f6r att provta vatten i din brunn<\/a><br>SGU (Sveriges Geologiska Unders\u00f6kning) som vi samarbetar med har en sida med bra information om vad man ska t\u00e4nka p\u00e5 n\u00e4r det g\u00e4ller att anl\u00e4gga och underh\u00e5lla sin vattenbrunn.<br><a href=\"https:\/\/www.sgu.se\/grundvatten\/brunnar-och-dricksvatten\/\" target=\"_blank\" rel=\"noreferrer noopener\">L\u00e4s mer h\u00e4r<\/a><\/p>\n","protected":false},"excerpt":{"rendered":"<p>Allm\u00e4n information om dricksvattenbrunnar: Dricksvattnet&nbsp;\u00e4r det viktigaste livsmedlet vi har och att s\u00e4kerst\u00e4lla att det \u00e4r rent och fritt fr\u00e5n mikroorganismer och kemiska f\u00f6roreningar \u00e4r en f\u00f6ruts\u00e4ttning f\u00f6r att vi ska h\u00e5lla oss friska. Det \u00e4r du som fastighets\u00e4gare\/brunns\u00e4gare som \u00e4r ansvarig f\u00f6r att s\u00e4kerst\u00e4lla en god dricksvattenkvalitet. Det \u00e4r f\u00f6rst n\u00e4r vattnet \u00e4r analyserat [&hellip;]<\/p>\n","protected":false},"author":1,"featured_media":0,"parent":0,"menu_order":0,"comment_status":"closed","ping_status":"closed","template":"","meta":{"footnotes":""},"class_list":["post-148","page","type-page","status-publish","hentry"],"blocksy_meta":[],"yoast_head":"<!-- This site is optimized with the Yoast SEO plugin v27.3 - https:\/\/yoast.com\/product\/yoast-seo-wordpress\/ -->\r\n<title>Om Brunnsvatten<\/title>\r\n<meta name=\"robots\" content=\"index, follow, max-snippet:-1, max-image-preview:large, max-video-preview:-1\" \/>\r\n<link rel=\"canonical\" href=\"https:\/\/brunnsvatten.sgs.com\/index.php\/om-brunnsvatten\/\" \/>\r\n<meta property=\"og:locale\" content=\"sv_SE\" \/>\r\n<meta property=\"og:type\" content=\"article\" \/>\r\n<meta property=\"og:title\" content=\"Om Brunnsvatten\" \/>\r\n<meta property=\"og:description\" content=\"Allm\u00e4n information om dricksvattenbrunnar: Dricksvattnet&nbsp;\u00e4r det viktigaste livsmedlet vi har och att s\u00e4kerst\u00e4lla att det \u00e4r rent och fritt fr\u00e5n mikroorganismer och kemiska f\u00f6roreningar \u00e4r en f\u00f6ruts\u00e4ttning f\u00f6r att vi ska h\u00e5lla oss friska. Det \u00e4r du som fastighets\u00e4gare\/brunns\u00e4gare som \u00e4r ansvarig f\u00f6r att s\u00e4kerst\u00e4lla en god dricksvattenkvalitet. Det \u00e4r f\u00f6rst n\u00e4r vattnet \u00e4r analyserat [&hellip;]\" \/>\r\n<meta property=\"og:url\" content=\"https:\/\/brunnsvatten.sgs.com\/index.php\/om-brunnsvatten\/\" \/>\r\n<meta property=\"og:site_name\" content=\"Brunnsvatten\" \/>\r\n<meta property=\"article:publisher\" content=\"https:\/\/www.facebook.com\/Brunnsvatten\" \/>\r\n<meta name=\"twitter:card\" content=\"summary_large_image\" \/>\r\n<meta name=\"twitter:label1\" content=\"Ber\u00e4knad l\u00e4stid\" \/>\n\t<meta name=\"twitter:data1\" content=\"9 minuter\" \/>\r\n<script type=\"application\/ld+json\" class=\"yoast-schema-graph\">{\"@context\":\"https:\\\/\\\/schema.org\",\"@graph\":[{\"@type\":\"WebPage\",\"@id\":\"https:\\\/\\\/brunnsvatten.sgs.com\\\/index.php\\\/om-brunnsvatten\\\/\",\"url\":\"https:\\\/\\\/brunnsvatten.sgs.com\\\/index.php\\\/om-brunnsvatten\\\/\",\"name\":\"Om Brunnsvatten\",\"isPartOf\":{\"@id\":\"https:\\\/\\\/brunnsvatten.sgs.com\\\/#website\"},\"datePublished\":\"2023-11-09T09:18:25+00:00\",\"breadcrumb\":{\"@id\":\"https:\\\/\\\/brunnsvatten.sgs.com\\\/index.php\\\/om-brunnsvatten\\\/#breadcrumb\"},\"inLanguage\":\"sv-SE\",\"potentialAction\":[{\"@type\":\"ReadAction\",\"target\":[\"https:\\\/\\\/brunnsvatten.sgs.com\\\/index.php\\\/om-brunnsvatten\\\/\"]}]},{\"@type\":\"BreadcrumbList\",\"@id\":\"https:\\\/\\\/brunnsvatten.sgs.com\\\/index.php\\\/om-brunnsvatten\\\/#breadcrumb\",\"itemListElement\":[{\"@type\":\"ListItem\",\"position\":1,\"name\":\"Home\",\"item\":\"https:\\\/\\\/brunnsvatten.sgs.com\\\/\"},{\"@type\":\"ListItem\",\"position\":2,\"name\":\"Om Brunnsvatten\"}]},{\"@type\":\"WebSite\",\"@id\":\"https:\\\/\\\/brunnsvatten.sgs.com\\\/#website\",\"url\":\"https:\\\/\\\/brunnsvatten.sgs.com\\\/\",\"name\":\"Brunnsvatten: SGS Webbshop\",\"description\":\"Vatten \u00e4r ett av v\u00e5ra viktigaste livsmedel och vi p\u00e5 SGS vill g\u00f6ra det tryggt f\u00f6r alla att dricka sitt vatten.\",\"publisher\":{\"@id\":\"https:\\\/\\\/brunnsvatten.sgs.com\\\/#organization\"},\"alternateName\":\"Brunnsvatten\",\"potentialAction\":[{\"@type\":\"SearchAction\",\"target\":{\"@type\":\"EntryPoint\",\"urlTemplate\":\"https:\\\/\\\/brunnsvatten.sgs.com\\\/?s={search_term_string}\"},\"query-input\":{\"@type\":\"PropertyValueSpecification\",\"valueRequired\":true,\"valueName\":\"search_term_string\"}}],\"inLanguage\":\"sv-SE\"},{\"@type\":\"Organization\",\"@id\":\"https:\\\/\\\/brunnsvatten.sgs.com\\\/#organization\",\"name\":\"SGS Analytics Sweden AB\",\"url\":\"https:\\\/\\\/brunnsvatten.sgs.com\\\/\",\"logo\":{\"@type\":\"ImageObject\",\"inLanguage\":\"sv-SE\",\"@id\":\"https:\\\/\\\/brunnsvatten.sgs.com\\\/#\\\/schema\\\/logo\\\/image\\\/\",\"url\":\"https:\\\/\\\/brunnsvatten.sgs.com\\\/wp-content\\\/uploads\\\/2023\\\/10\\\/SGS_brunnsvatten.png\",\"contentUrl\":\"https:\\\/\\\/brunnsvatten.sgs.com\\\/wp-content\\\/uploads\\\/2023\\\/10\\\/SGS_brunnsvatten.png\",\"width\":651,\"height\":78,\"caption\":\"SGS Analytics Sweden AB\"},\"image\":{\"@id\":\"https:\\\/\\\/brunnsvatten.sgs.com\\\/#\\\/schema\\\/logo\\\/image\\\/\"},\"sameAs\":[\"https:\\\/\\\/www.facebook.com\\\/Brunnsvatten\"]}]}<\/script>\r\n<!-- \/ Yoast SEO plugin. -->","yoast_head_json":{"title":"Om Brunnsvatten","robots":{"index":"index","follow":"follow","max-snippet":"max-snippet:-1","max-image-preview":"max-image-preview:large","max-video-preview":"max-video-preview:-1"},"canonical":"https:\/\/brunnsvatten.sgs.com\/index.php\/om-brunnsvatten\/","og_locale":"sv_SE","og_type":"article","og_title":"Om Brunnsvatten","og_description":"Allm\u00e4n information om dricksvattenbrunnar: Dricksvattnet&nbsp;\u00e4r det viktigaste livsmedlet vi har och att s\u00e4kerst\u00e4lla att det \u00e4r rent och fritt fr\u00e5n mikroorganismer och kemiska f\u00f6roreningar \u00e4r en f\u00f6ruts\u00e4ttning f\u00f6r att vi ska h\u00e5lla oss friska. Det \u00e4r du som fastighets\u00e4gare\/brunns\u00e4gare som \u00e4r ansvarig f\u00f6r att s\u00e4kerst\u00e4lla en god dricksvattenkvalitet. Det \u00e4r f\u00f6rst n\u00e4r vattnet \u00e4r analyserat [&hellip;]","og_url":"https:\/\/brunnsvatten.sgs.com\/index.php\/om-brunnsvatten\/","og_site_name":"Brunnsvatten","article_publisher":"https:\/\/www.facebook.com\/Brunnsvatten","twitter_card":"summary_large_image","twitter_misc":{"Ber\u00e4knad l\u00e4stid":"9 minuter"},"schema":{"@context":"https:\/\/schema.org","@graph":[{"@type":"WebPage","@id":"https:\/\/brunnsvatten.sgs.com\/index.php\/om-brunnsvatten\/","url":"https:\/\/brunnsvatten.sgs.com\/index.php\/om-brunnsvatten\/","name":"Om Brunnsvatten","isPartOf":{"@id":"https:\/\/brunnsvatten.sgs.com\/#website"},"datePublished":"2023-11-09T09:18:25+00:00","breadcrumb":{"@id":"https:\/\/brunnsvatten.sgs.com\/index.php\/om-brunnsvatten\/#breadcrumb"},"inLanguage":"sv-SE","potentialAction":[{"@type":"ReadAction","target":["https:\/\/brunnsvatten.sgs.com\/index.php\/om-brunnsvatten\/"]}]},{"@type":"BreadcrumbList","@id":"https:\/\/brunnsvatten.sgs.com\/index.php\/om-brunnsvatten\/#breadcrumb","itemListElement":[{"@type":"ListItem","position":1,"name":"Home","item":"https:\/\/brunnsvatten.sgs.com\/"},{"@type":"ListItem","position":2,"name":"Om Brunnsvatten"}]},{"@type":"WebSite","@id":"https:\/\/brunnsvatten.sgs.com\/#website","url":"https:\/\/brunnsvatten.sgs.com\/","name":"Brunnsvatten: SGS Webbshop","description":"Vatten \u00e4r ett av v\u00e5ra viktigaste livsmedel och vi p\u00e5 SGS vill g\u00f6ra det tryggt f\u00f6r alla att dricka sitt vatten.","publisher":{"@id":"https:\/\/brunnsvatten.sgs.com\/#organization"},"alternateName":"Brunnsvatten","potentialAction":[{"@type":"SearchAction","target":{"@type":"EntryPoint","urlTemplate":"https:\/\/brunnsvatten.sgs.com\/?s={search_term_string}"},"query-input":{"@type":"PropertyValueSpecification","valueRequired":true,"valueName":"search_term_string"}}],"inLanguage":"sv-SE"},{"@type":"Organization","@id":"https:\/\/brunnsvatten.sgs.com\/#organization","name":"SGS Analytics Sweden AB","url":"https:\/\/brunnsvatten.sgs.com\/","logo":{"@type":"ImageObject","inLanguage":"sv-SE","@id":"https:\/\/brunnsvatten.sgs.com\/#\/schema\/logo\/image\/","url":"https:\/\/brunnsvatten.sgs.com\/wp-content\/uploads\/2023\/10\/SGS_brunnsvatten.png","contentUrl":"https:\/\/brunnsvatten.sgs.com\/wp-content\/uploads\/2023\/10\/SGS_brunnsvatten.png","width":651,"height":78,"caption":"SGS Analytics Sweden AB"},"image":{"@id":"https:\/\/brunnsvatten.sgs.com\/#\/schema\/logo\/image\/"},"sameAs":["https:\/\/www.facebook.com\/Brunnsvatten"]}]}},"_links":{"self":[{"href":"https:\/\/brunnsvatten.sgs.com\/index.php\/wp-json\/wp\/v2\/pages\/148","targetHints":{"allow":["GET"]}}],"collection":[{"href":"https:\/\/brunnsvatten.sgs.com\/index.php\/wp-json\/wp\/v2\/pages"}],"about":[{"href":"https:\/\/brunnsvatten.sgs.com\/index.php\/wp-json\/wp\/v2\/types\/page"}],"author":[{"embeddable":true,"href":"https:\/\/brunnsvatten.sgs.com\/index.php\/wp-json\/wp\/v2\/users\/1"}],"replies":[{"embeddable":true,"href":"https:\/\/brunnsvatten.sgs.com\/index.php\/wp-json\/wp\/v2\/comments?post=148"}],"version-history":[{"count":1,"href":"https:\/\/brunnsvatten.sgs.com\/index.php\/wp-json\/wp\/v2\/pages\/148\/revisions"}],"predecessor-version":[{"id":149,"href":"https:\/\/brunnsvatten.sgs.com\/index.php\/wp-json\/wp\/v2\/pages\/148\/revisions\/149"}],"wp:attachment":[{"href":"https:\/\/brunnsvatten.sgs.com\/index.php\/wp-json\/wp\/v2\/media?parent=148"}],"curies":[{"name":"wp","href":"https:\/\/api.w.org\/{rel}","templated":true}]}}