{"id":159,"date":"2023-11-09T10:21:05","date_gmt":"2023-11-09T09:21:05","guid":{"rendered":"https:\/\/brunnsvatten-test.sgs.net\/?page_id=159"},"modified":"2023-11-09T10:21:05","modified_gmt":"2023-11-09T09:21:05","slug":"fragor-och-svar","status":"publish","type":"page","link":"https:\/\/brunnsvatten.sgs.com\/index.php\/fragor-och-svar\/","title":{"rendered":"Fr\u00e5gor och svar"},"content":{"rendered":"\n<h1 class=\"wp-block-heading\">Fr\u00e5gor och svar<\/h1>\n\n\n\n<p>Vi har nedan sammanst\u00e4llt n\u00e5gra av de vanligaste fr\u00e5gorna vi f\u00e5r vid best\u00e4llning av vattenprov. Om du inte hittar svar p\u00e5 din fr\u00e5ga, maila oss p\u00e5&nbsp;<a href=\"mailto:se.ie.brunnsvatten@sgs.com\">se.ie.<\/a><a href=\"mailto:se.ie.brunnsvatten@sgs.com\">brunnsvatten@sgs.com<\/a><\/p>\n\n\n\n<h4 class=\"wp-block-heading\"><strong>Hur&nbsp;g\u00f6r jag en best\u00e4llning?<\/strong><\/h4>\n\n\n\n<p>Vi tar endast emot best\u00e4llningar via v\u00e5r hemsida. Tryck p\u00e5 hemknappen, p\u00e5 denna sida och klicka p\u00e5 bilden&nbsp;av en&nbsp;varukorg under&nbsp;respektive paket du \u00f6nskar best\u00e4lla. Fyll i de f\u00e4lt som efterfr\u00e5gas i kassan och bekr\u00e4fta ordern, n\u00e4r du f\u00e5tt orderbekr\u00e4ftelse \u00e4r ordern redo att packas.<\/p>\n\n\n\n<h4 class=\"wp-block-heading\"><strong>Vad ska jag best\u00e4lla?<\/strong><\/h4>\n\n\n\n<p>Vi har anpassat v\u00e5rt paket trygghetspaketet efter&nbsp;livsmedelsverkets r\u00e5d,&nbsp;vilket inneb\u00e4r&nbsp;analyser av&nbsp;vattnets kemiska, fysikaliska egenskaper, m\u00e4ngden metaller och&nbsp;bakterier i vattnet, samt radon&nbsp;vid&nbsp;borrade brunnar.&nbsp;Livsmedelsverket rekommenderar att man analyserar detta var tredje \u00e5r och vid eventuella f\u00f6r\u00e4ndringar tex f\u00e4rg, lukt eller smak. Det rekommenderas ocks\u00e5 ett \u201df\u00f6reprov\u201d om man som fastighets\u00e4gare blir varslad om att det tex ska ske spr\u00e4ngningar eller v\u00e4gbyggen i n\u00e4rheten av brunnen.<\/p>\n\n\n\n<h4 class=\"wp-block-heading\"><strong>Kan jag best\u00e4lla material till flera provpunkter vid samma tillf\u00e4lle?<\/strong><\/h4>\n\n\n\n<p>Det g\u00e5r att best\u00e4lla&nbsp;analyser till flera provpunkter samtidigt och anpassa analyserna&nbsp;till respektive punkt.&nbsp;Var noga med att m\u00e4rka proverna p\u00e5 ett s\u00e4tt s\u00e5 att du kan h\u00e4rleda materialet till respektive punkt.<\/p>\n\n\n\n<h4 class=\"wp-block-heading\"><strong>Vad kostar det?<\/strong><\/h4>\n\n\n\n<p>Kostnaden f\u00f6r respektive analyspaket presenteras p\u00e5 f\u00f6rstasidan, i detta ing\u00e5r material och utskick. V\u00e4ljer du papperskopia ist\u00e4llet f\u00f6r mailrapport kostar detta 30kr. Bor du inte i n\u00e4rheten av ett av v\u00e5ra inl\u00e4mningsst\u00e4llen rekommenderar vi att du best\u00e4ller returfrakt till en kostnad av 150kr, s\u00e5 skickas den med i materialet.<\/p>\n\n\n\n<h4 class=\"wp-block-heading\"><strong>Kan jag v\u00e4lja vart materialet ska skickas?<\/strong><\/h4>\n\n\n\n<p>Betalar du med kort, kan du skriva in vilken leveransadress du vill. Vid betalningsalternativ \u201dFakturabetalning\u201d kan material och faktura endast levereras till din folkbokf\u00f6ringsadress av s\u00e4kerhetssk\u00e4l.<\/p>\n\n\n\n<h4 class=\"wp-block-heading\"><strong>Har min best\u00e4llning fullf\u00f6ljts och g\u00e5tt fram till SGS?<\/strong><\/h4>\n\n\n\n<p>Det sista steget vid best\u00e4llningen \u00e4r att man kommer till en sida d\u00e4r vi tackar f\u00f6r er best\u00e4llning och uppger vilket ordernummer ni f\u00e5tt. Ni f\u00e5r d\u00e5 \u00e4ven ett bekr\u00e4ftelsemail till den mailadress ni angett vid er best\u00e4llning. I detta mail anges ocks\u00e5 ert ordernummer. N\u00e4r ni f\u00e5r detta ordernummer vet ni att er best\u00e4llning fullf\u00f6ljts.<\/p>\n\n\n\n<h4 class=\"wp-block-heading\"><strong>Hur l\u00e5ng tid tar det att f\u00e5 provtagningsmaterialet?<\/strong><\/h4>\n\n\n\n<p>N\u00e4r du lagt din order&nbsp;skapas etiketter med&nbsp;dina uppgifter och streckkoder som kopplar ihop dig som uppdragsgivare med de analyser som best\u00e4llts.&nbsp;Dessa etiketter s\u00e4tts p\u00e5&nbsp;kvalitetss\u00e4krade provflaskor, anpassade efter analyserna och levereras i en kylv\u00e4ska. Vi f\u00f6rs\u00f6ker skicka provtagningsmaterialet&nbsp;inom ett dygn och&nbsp;&nbsp;paket n\u00e5r normalt ombudet 5 arbetsdagar fr\u00e5n att best\u00e4llningen \u00e4r lagd.<\/p>\n\n\n\n<h4 class=\"wp-block-heading\"><strong>Kan jag h\u00e4mta mitt provtagningsmaterial n\u00e5gonstans om jag har br\u00e5ttom att ta mitt&nbsp;<\/strong><strong>prov?<\/strong><\/h4>\n\n\n\n<p>Allt provtagningsmaterial skickas ut fr\u00e5n v\u00e5rt laboratorium i Link\u00f6ping, vilket g\u00f6r att det inte g\u00e5r att h\u00e4mta material p\u00e5 v\u00e5ra laboratorier i Ume\u00e5, Karlstad och Malm\u00f6. Trots att det finns material i Link\u00f6ping, avr\u00e5der vi fr\u00e5n att h\u00e4mta \u00e4ven d\u00e4r.<\/p>\n\n\n\n<h4 class=\"wp-block-heading\"><strong>Varf\u00f6r har jag f\u00e5tt min faktura innan jag har f\u00e5tt analysrapporten?<\/strong><\/h4>\n\n\n\n<p>Vi till\u00e4mpar f\u00f6rskottsbetalning vid b\u00e5da betalningsalternativen (\u201dFaktura\u201d och \u201dKreditkort\u201d). Fakturan ska betalas inom 14 dagar efter best\u00e4llningen.<\/p>\n\n\n\n<h4 class=\"wp-block-heading\"><strong>Svarar ni p\u00e5 SGS p\u00e5 fr\u00e5gor som r\u00f6r min faktura?<\/strong><\/h4>\n\n\n\n<p>F\u00f6retaget Klarna har hand om faktureringen. Kontakta g\u00e4rna Klarna vid fakturafr\u00e5gor som g\u00e4ller prov best\u00e4llda via brunnsvatten.se. Klarna n\u00e5r ni p\u00e5 telefonnummer 08- 120 120 00.<\/p>\n\n\n\n<h4 class=\"wp-block-heading\"><strong>Hur fyller jag i etiketten p\u00e5 provtagningsk\u00e4rlet?<\/strong><\/h4>\n\n\n\n<p>Fyll i efterfr\u00e5gade fakta p\u00e5 provk\u00e4rlens etiketter:<\/p>\n\n\n\n<ul class=\"wp-block-list\">\n<li>Provtagningsdatum:&nbsp;&nbsp;&nbsp;&nbsp;&nbsp;&nbsp;&nbsp;&nbsp;&nbsp;&nbsp;&nbsp;&nbsp;&nbsp;&nbsp; \u00c5\u00c5\u00c5\u00c5-MM-DD (obligatorisk)<\/li>\n\n\n\n<li>Provtagningstidpunkt: &nbsp;&nbsp;&nbsp;&nbsp;&nbsp;&nbsp;&nbsp;&nbsp;&nbsp;&nbsp;&nbsp; TT:MM (obligatorisk)<\/li>\n\n\n\n<li>Temp vid provtagning (0C):&nbsp;&nbsp;&nbsp;&nbsp;&nbsp;(vattentemperaturen)<\/li>\n\n\n\n<li>Provets m\u00e4rkning:&nbsp;&nbsp;&nbsp;&nbsp;&nbsp;&nbsp;&nbsp;&nbsp;&nbsp;&nbsp;&nbsp;&nbsp;&nbsp;&nbsp;&nbsp;&nbsp;&nbsp; (provplats)<\/li>\n<\/ul>\n\n\n\n<h4 class=\"wp-block-heading\">Var l\u00e4mnar jag mitt prov?<\/h4>\n\n\n\n<p>Ni \u00e4r v\u00e4lkomna till v\u00e5ra laboratorier om ni finns i n\u00e4rheten. Du kan \u00e4ven l\u00e4mna in p\u00e5 n\u00e5gra av v\u00e5ra inl\u00e4mningsst\u00e4llen se lista f\u00f6r adresser och \u00f6ppettider, \u201dlista\u201d. \u00c4r det l\u00e5ngt att \u00e5ka best\u00e4ller ni fraktsedel av oss, s\u00e5 skickas det med i v\u00e4skan med materialet.<\/p>\n\n\n\n<h4 class=\"wp-block-heading\">Jag missade best\u00e4lla fraktsedel, kan jag best\u00e4lla det i efterhand?<\/h4>\n\n\n\n<p>Nej, det g\u00e5r tyv\u00e4rr inte best\u00e4lla det av oss i efterhand. D\u00e4remot g\u00e5r det bra att betala f\u00f6r fraktsedel \u201dParcel\u201d p\u00e5 postens ombud i samband med att provet ska skickas.<\/p>\n\n\n\n<h4 class=\"wp-block-heading\"><strong>Hur l\u00e5ng tid tar det innan jag f\u00e5r svar?<\/strong><\/h4>\n\n\n\n<p>Vissa analyser startas direkt vid ankomst, oavsett tid p\u00e5 dygnet, d\u00e5 dessa analyser m\u00e5ste g\u00f6ras inom en viss tid ifr\u00e5n provtagning. Dessa analyser blir ocks\u00e5 klara snabbast. En del andra analyser \u00e4r inte lika tidskritiska eller beh\u00f6ver mer f\u00f6rprepparering, dessa&nbsp; tar l\u00e4ngre tid. Vanligen finns dock hela rapporten klar efter 10 arbetsdagar fr\u00e5n att provet n\u00e5r laboratoriet.<\/p>\n\n\n\n<h4 class=\"wp-block-heading\">Det har g\u00e5tt 10 arbetsdagar, var \u00e4r mitt resultat?<\/h4>\n\n\n\n<p>Har ni beg\u00e4rt resultaten via mail, s\u00e4kerst\u00e4ll att rapporten inte finns i skr\u00e4pposten. Har rapporten inte kommit fram via mail eller post, h\u00f6r av er till oss.&nbsp; I undantagsfall jobbar vi med analyserna i fler \u00e4n 10 dagar, men efters\u00f6ker ni rapporten kan vi ge svar p\u00e5 det.<\/p>\n\n\n\n<h4 class=\"wp-block-heading\"><strong>Vad betyder bed\u00f6mningen?<\/strong><\/h4>\n\n\n\n<p>Har ni f\u00e5tt bed\u00f6mningen \u201dtj\u00e4nligt\u201d, \u00e4r de analyssvaren som redovisas bra.&nbsp; Har ni f\u00e5tt bed\u00f6mningen \u201dtj\u00e4nligt med anm\u00e4rkning\u201d, \u00e4r n\u00e5got av de analyssvaren som redovisas anm\u00e4rkningsv\u00e4rt. Vilken analys det g\u00e4ller redovisas p\u00e5 rapporten, d\u00e4r st\u00e5r ocks\u00e5 gr\u00e4nsv\u00e4rdet f\u00f6r tj\u00e4nligt. Tj\u00e4nligt med anm\u00e4rkning kan vara b\u00e5de av tekniska och estetiska sk\u00e4l och kan bidra till problem om man inte \u00e5tg\u00e4rdar det. Har ni f\u00e5tt bed\u00f6mningen \u201dotj\u00e4nligt\u201d, \u00e4r n\u00e5got av de analyssvaren som redovisas som d\u00f6mer ut vattnet som livsmedel. Vilken analys det g\u00e4ller redovisas p\u00e5 rapporten, d\u00e4r st\u00e5r ocks\u00e5 gr\u00e4nsv\u00e4rdet f\u00f6r tj\u00e4nligt. Vid otj\u00e4nligt b\u00f6r \u00e5tg\u00e4rder vidtas s\u00e5 snart det g\u00e5r.<\/p>\n\n\n\n<h4 class=\"wp-block-heading\"><strong>Vart v\u00e4nder jag mig om provet inte \u00e4r bra?<\/strong><\/h4>\n\n\n\n<p>Vi p\u00e5 SGS trycker p\u00e5 vikten av att alltid anlita fackm\u00e4n med h\u00f6g utbildning, kompetens och kunskap f\u00f6r att l\u00f6sa komplexa vattenreningsproblem. Ta hj\u00e4lp av akt\u00f6rer med l\u00e5ng erfarenhet av vatten och vattenrening, stor bredd p\u00e5 sortiment och l\u00f6sningar p\u00e5 f\u00f6rekommande vattenproblem, samt bra systematiskt kvalitetsarbete. F\u00f6rs\u00e4kra dig ocks\u00e5 om att Livsmedelsverkets riktlinjer\/gr\u00e4nsv\u00e4rden f\u00f6ljs. Du kan \u00e4ven v\u00e4nda dig till ditt lokala milj\u00f6kontor i kommunen f\u00f6r vidare st\u00f6d och r\u00e5d.<\/p>\n","protected":false},"excerpt":{"rendered":"<p>Fr\u00e5gor och svar Vi har nedan sammanst\u00e4llt n\u00e5gra av de vanligaste fr\u00e5gorna vi f\u00e5r vid best\u00e4llning av vattenprov. Om du inte hittar svar p\u00e5 din fr\u00e5ga, maila oss p\u00e5&nbsp;se.ie.brunnsvatten@sgs.com Hur&nbsp;g\u00f6r jag en best\u00e4llning? Vi tar endast emot best\u00e4llningar via v\u00e5r hemsida. Tryck p\u00e5 hemknappen, p\u00e5 denna sida och klicka p\u00e5 bilden&nbsp;av en&nbsp;varukorg under&nbsp;respektive paket du [&hellip;]<\/p>\n","protected":false},"author":1,"featured_media":0,"parent":0,"menu_order":0,"comment_status":"closed","ping_status":"closed","template":"","meta":{"footnotes":""},"class_list":["post-159","page","type-page","status-publish","hentry"],"blocksy_meta":[],"yoast_head":"<!-- This site is optimized with the Yoast SEO plugin v27.3 - https:\/\/yoast.com\/product\/yoast-seo-wordpress\/ -->\r\n<title>Fr\u00e5gor och svar<\/title>\r\n<meta name=\"robots\" content=\"index, follow, max-snippet:-1, max-image-preview:large, max-video-preview:-1\" \/>\r\n<link rel=\"canonical\" href=\"https:\/\/brunnsvatten.sgs.com\/index.php\/fragor-och-svar\/\" \/>\r\n<meta property=\"og:locale\" content=\"sv_SE\" \/>\r\n<meta property=\"og:type\" content=\"article\" \/>\r\n<meta property=\"og:title\" content=\"Fr\u00e5gor och svar\" \/>\r\n<meta property=\"og:description\" content=\"Fr\u00e5gor och svar Vi har nedan sammanst\u00e4llt n\u00e5gra av de vanligaste fr\u00e5gorna vi f\u00e5r vid best\u00e4llning av vattenprov. Om du inte hittar svar p\u00e5 din fr\u00e5ga, maila oss p\u00e5&nbsp;se.ie.brunnsvatten@sgs.com Hur&nbsp;g\u00f6r jag en best\u00e4llning? Vi tar endast emot best\u00e4llningar via v\u00e5r hemsida. Tryck p\u00e5 hemknappen, p\u00e5 denna sida och klicka p\u00e5 bilden&nbsp;av en&nbsp;varukorg under&nbsp;respektive paket du [&hellip;]\" \/>\r\n<meta property=\"og:url\" content=\"https:\/\/brunnsvatten.sgs.com\/index.php\/fragor-och-svar\/\" \/>\r\n<meta property=\"og:site_name\" content=\"Brunnsvatten\" \/>\r\n<meta property=\"article:publisher\" content=\"https:\/\/www.facebook.com\/Brunnsvatten\" \/>\r\n<meta name=\"twitter:card\" content=\"summary_large_image\" \/>\r\n<meta name=\"twitter:label1\" content=\"Ber\u00e4knad l\u00e4stid\" \/>\n\t<meta name=\"twitter:data1\" content=\"6 minuter\" \/>\r\n<script type=\"application\/ld+json\" class=\"yoast-schema-graph\">{\"@context\":\"https:\\\/\\\/schema.org\",\"@graph\":[{\"@type\":\"WebPage\",\"@id\":\"https:\\\/\\\/brunnsvatten.sgs.com\\\/index.php\\\/fragor-och-svar\\\/\",\"url\":\"https:\\\/\\\/brunnsvatten.sgs.com\\\/index.php\\\/fragor-och-svar\\\/\",\"name\":\"Fr\u00e5gor och svar\",\"isPartOf\":{\"@id\":\"https:\\\/\\\/brunnsvatten.sgs.com\\\/#website\"},\"datePublished\":\"2023-11-09T09:21:05+00:00\",\"breadcrumb\":{\"@id\":\"https:\\\/\\\/brunnsvatten.sgs.com\\\/index.php\\\/fragor-och-svar\\\/#breadcrumb\"},\"inLanguage\":\"sv-SE\",\"potentialAction\":[{\"@type\":\"ReadAction\",\"target\":[\"https:\\\/\\\/brunnsvatten.sgs.com\\\/index.php\\\/fragor-och-svar\\\/\"]}]},{\"@type\":\"BreadcrumbList\",\"@id\":\"https:\\\/\\\/brunnsvatten.sgs.com\\\/index.php\\\/fragor-och-svar\\\/#breadcrumb\",\"itemListElement\":[{\"@type\":\"ListItem\",\"position\":1,\"name\":\"Home\",\"item\":\"https:\\\/\\\/brunnsvatten.sgs.com\\\/\"},{\"@type\":\"ListItem\",\"position\":2,\"name\":\"Fr\u00e5gor och svar\"}]},{\"@type\":\"WebSite\",\"@id\":\"https:\\\/\\\/brunnsvatten.sgs.com\\\/#website\",\"url\":\"https:\\\/\\\/brunnsvatten.sgs.com\\\/\",\"name\":\"Brunnsvatten: SGS Webbshop\",\"description\":\"Vatten \u00e4r ett av v\u00e5ra viktigaste livsmedel och vi p\u00e5 SGS vill g\u00f6ra det tryggt f\u00f6r alla att dricka sitt vatten.\",\"publisher\":{\"@id\":\"https:\\\/\\\/brunnsvatten.sgs.com\\\/#organization\"},\"alternateName\":\"Brunnsvatten\",\"potentialAction\":[{\"@type\":\"SearchAction\",\"target\":{\"@type\":\"EntryPoint\",\"urlTemplate\":\"https:\\\/\\\/brunnsvatten.sgs.com\\\/?s={search_term_string}\"},\"query-input\":{\"@type\":\"PropertyValueSpecification\",\"valueRequired\":true,\"valueName\":\"search_term_string\"}}],\"inLanguage\":\"sv-SE\"},{\"@type\":\"Organization\",\"@id\":\"https:\\\/\\\/brunnsvatten.sgs.com\\\/#organization\",\"name\":\"SGS Analytics Sweden AB\",\"url\":\"https:\\\/\\\/brunnsvatten.sgs.com\\\/\",\"logo\":{\"@type\":\"ImageObject\",\"inLanguage\":\"sv-SE\",\"@id\":\"https:\\\/\\\/brunnsvatten.sgs.com\\\/#\\\/schema\\\/logo\\\/image\\\/\",\"url\":\"https:\\\/\\\/brunnsvatten.sgs.com\\\/wp-content\\\/uploads\\\/2023\\\/10\\\/SGS_brunnsvatten.png\",\"contentUrl\":\"https:\\\/\\\/brunnsvatten.sgs.com\\\/wp-content\\\/uploads\\\/2023\\\/10\\\/SGS_brunnsvatten.png\",\"width\":651,\"height\":78,\"caption\":\"SGS Analytics Sweden AB\"},\"image\":{\"@id\":\"https:\\\/\\\/brunnsvatten.sgs.com\\\/#\\\/schema\\\/logo\\\/image\\\/\"},\"sameAs\":[\"https:\\\/\\\/www.facebook.com\\\/Brunnsvatten\"]}]}<\/script>\r\n<!-- \/ Yoast SEO plugin. -->","yoast_head_json":{"title":"Fr\u00e5gor och svar","robots":{"index":"index","follow":"follow","max-snippet":"max-snippet:-1","max-image-preview":"max-image-preview:large","max-video-preview":"max-video-preview:-1"},"canonical":"https:\/\/brunnsvatten.sgs.com\/index.php\/fragor-och-svar\/","og_locale":"sv_SE","og_type":"article","og_title":"Fr\u00e5gor och svar","og_description":"Fr\u00e5gor och svar Vi har nedan sammanst\u00e4llt n\u00e5gra av de vanligaste fr\u00e5gorna vi f\u00e5r vid best\u00e4llning av vattenprov. Om du inte hittar svar p\u00e5 din fr\u00e5ga, maila oss p\u00e5&nbsp;se.ie.brunnsvatten@sgs.com Hur&nbsp;g\u00f6r jag en best\u00e4llning? Vi tar endast emot best\u00e4llningar via v\u00e5r hemsida. Tryck p\u00e5 hemknappen, p\u00e5 denna sida och klicka p\u00e5 bilden&nbsp;av en&nbsp;varukorg under&nbsp;respektive paket du [&hellip;]","og_url":"https:\/\/brunnsvatten.sgs.com\/index.php\/fragor-och-svar\/","og_site_name":"Brunnsvatten","article_publisher":"https:\/\/www.facebook.com\/Brunnsvatten","twitter_card":"summary_large_image","twitter_misc":{"Ber\u00e4knad l\u00e4stid":"6 minuter"},"schema":{"@context":"https:\/\/schema.org","@graph":[{"@type":"WebPage","@id":"https:\/\/brunnsvatten.sgs.com\/index.php\/fragor-och-svar\/","url":"https:\/\/brunnsvatten.sgs.com\/index.php\/fragor-och-svar\/","name":"Fr\u00e5gor och svar","isPartOf":{"@id":"https:\/\/brunnsvatten.sgs.com\/#website"},"datePublished":"2023-11-09T09:21:05+00:00","breadcrumb":{"@id":"https:\/\/brunnsvatten.sgs.com\/index.php\/fragor-och-svar\/#breadcrumb"},"inLanguage":"sv-SE","potentialAction":[{"@type":"ReadAction","target":["https:\/\/brunnsvatten.sgs.com\/index.php\/fragor-och-svar\/"]}]},{"@type":"BreadcrumbList","@id":"https:\/\/brunnsvatten.sgs.com\/index.php\/fragor-och-svar\/#breadcrumb","itemListElement":[{"@type":"ListItem","position":1,"name":"Home","item":"https:\/\/brunnsvatten.sgs.com\/"},{"@type":"ListItem","position":2,"name":"Fr\u00e5gor och svar"}]},{"@type":"WebSite","@id":"https:\/\/brunnsvatten.sgs.com\/#website","url":"https:\/\/brunnsvatten.sgs.com\/","name":"Brunnsvatten: SGS Webbshop","description":"Vatten \u00e4r ett av v\u00e5ra viktigaste livsmedel och vi p\u00e5 SGS vill g\u00f6ra det tryggt f\u00f6r alla att dricka sitt vatten.","publisher":{"@id":"https:\/\/brunnsvatten.sgs.com\/#organization"},"alternateName":"Brunnsvatten","potentialAction":[{"@type":"SearchAction","target":{"@type":"EntryPoint","urlTemplate":"https:\/\/brunnsvatten.sgs.com\/?s={search_term_string}"},"query-input":{"@type":"PropertyValueSpecification","valueRequired":true,"valueName":"search_term_string"}}],"inLanguage":"sv-SE"},{"@type":"Organization","@id":"https:\/\/brunnsvatten.sgs.com\/#organization","name":"SGS Analytics Sweden AB","url":"https:\/\/brunnsvatten.sgs.com\/","logo":{"@type":"ImageObject","inLanguage":"sv-SE","@id":"https:\/\/brunnsvatten.sgs.com\/#\/schema\/logo\/image\/","url":"https:\/\/brunnsvatten.sgs.com\/wp-content\/uploads\/2023\/10\/SGS_brunnsvatten.png","contentUrl":"https:\/\/brunnsvatten.sgs.com\/wp-content\/uploads\/2023\/10\/SGS_brunnsvatten.png","width":651,"height":78,"caption":"SGS Analytics Sweden AB"},"image":{"@id":"https:\/\/brunnsvatten.sgs.com\/#\/schema\/logo\/image\/"},"sameAs":["https:\/\/www.facebook.com\/Brunnsvatten"]}]}},"_links":{"self":[{"href":"https:\/\/brunnsvatten.sgs.com\/index.php\/wp-json\/wp\/v2\/pages\/159","targetHints":{"allow":["GET"]}}],"collection":[{"href":"https:\/\/brunnsvatten.sgs.com\/index.php\/wp-json\/wp\/v2\/pages"}],"about":[{"href":"https:\/\/brunnsvatten.sgs.com\/index.php\/wp-json\/wp\/v2\/types\/page"}],"author":[{"embeddable":true,"href":"https:\/\/brunnsvatten.sgs.com\/index.php\/wp-json\/wp\/v2\/users\/1"}],"replies":[{"embeddable":true,"href":"https:\/\/brunnsvatten.sgs.com\/index.php\/wp-json\/wp\/v2\/comments?post=159"}],"version-history":[{"count":1,"href":"https:\/\/brunnsvatten.sgs.com\/index.php\/wp-json\/wp\/v2\/pages\/159\/revisions"}],"predecessor-version":[{"id":160,"href":"https:\/\/brunnsvatten.sgs.com\/index.php\/wp-json\/wp\/v2\/pages\/159\/revisions\/160"}],"wp:attachment":[{"href":"https:\/\/brunnsvatten.sgs.com\/index.php\/wp-json\/wp\/v2\/media?parent=159"}],"curies":[{"name":"wp","href":"https:\/\/api.w.org\/{rel}","templated":true}]}}