{"id":370,"date":"2025-04-03T11:49:33","date_gmt":"2025-04-03T09:49:33","guid":{"rendered":"https:\/\/brunnsvatten-test.sgs.net\/?page_id=370"},"modified":"2025-04-11T13:00:20","modified_gmt":"2025-04-11T11:00:20","slug":"matosakerhet-och-beslutsregel","status":"publish","type":"page","link":"https:\/\/brunnsvatten.sgs.com\/index.php\/matosakerhet-och-beslutsregel\/","title":{"rendered":"M\u00e4tos\u00e4kerhet och beslutsregel"},"content":{"rendered":"\n<p><strong>Vad \u00e4r m\u00e4tos\u00e4kerhet?<\/strong><\/p>\n\n\n\n<p>Alla analysresultat har m\u00e4tos\u00e4kerhet kopplad till sig. M\u00e4tos\u00e4kerheten tar h\u00e4nsyn till de olika faktorer som kan p\u00e5verka hur noggranna resultaten \u00e4r. Det kan bland annat vara vilket m\u00e4tinstrument eller m\u00e4tprincip som anv\u00e4nds, personen som utf\u00f6r analysen eller hur v\u00e5gen eller pipetten som anv\u00e4nts \u00e4r kontrollerad.<\/p>\n\n\n\n<p><strong>SGS beslutsregel<\/strong><\/p>\n\n\n\n<p>En beslutsregel ska anges n\u00e4r ett resultat j\u00e4mf\u00f6rs mot ett gr\u00e4nsv\u00e4rde. N\u00e4r det g\u00e4ller vatten fr\u00e5n privata brunnar \u00e4r detta n\u00e4r vi g\u00f6r ett utl\u00e5tande om provet \u00e4r tj\u00e4nligt, tj\u00e4nligt med anm\u00e4rkning eller otj\u00e4nligt. SGS Analytics Sweden AB anv\u00e4nder sig alltid av en och samma beslutsregel, vilken \u00e4r att vi inte tar h\u00e4nsyn till m\u00e4tos\u00e4kerheten n\u00e4r vi g\u00f6r ett utl\u00e5tande. Denna beslutsregel anges i v\u00e5ra allm\u00e4nna villkor och p\u00e5 analysrapporten.<\/p>\n\n\n\n<p>Denna typ av beslutsregel kan \u00e4ven kallas f\u00f6r \u201ddelad risk\u201d. Vad detta inneb\u00e4r \u00e4r att resultat som ligger n\u00e4ra ett gr\u00e4nsv\u00e4rde kan ha upp till 50% chans att ligga p\u00e5 den andra sidan om gr\u00e4nsv\u00e4rdet. Allts\u00e5 ett prov som blir bed\u00f6mt som tj\u00e4nligt skulle \u00e4ven kunna vara tj\u00e4nligt med anm\u00e4rkning, eller tv\u00e4rt om.<strong> <\/strong><strong><\/strong><\/p>\n\n\n\n<figure class=\"wp-block-image size-full\"><img loading=\"lazy\" decoding=\"async\" width=\"586\" height=\"240\" src=\"\/wp-content\/uploads\/2025\/04\/Matosakerhet-1.jpg\" alt=\"\" class=\"wp-image-404\"\/><\/figure>\n\n\n\n<p>F\u00f6r att anv\u00e4nda enskilt dricksvatten som ett exempel; i grafen visas analysresultatet som en punkt och linjerna \u00f6ver och under punkten representerar m\u00e4tos\u00e4kerheten.<\/p>\n\n\n\n<p>N\u00e4r vi rapporterar kemiska analysresultat finns alltid m\u00e4tos\u00e4kerheten med p\u00e5 rapporten och f\u00f6r mikrobiologiska analyser kan en lista \u00f6ver m\u00e4tos\u00e4kerhet l\u00e4mnas ut av laboratoriet.<\/p>\n\n\n\n<p>Mer detaljerad information finns att hitta h\u00e4r:<\/p>\n\n\n\n<p><a href=\"https:\/\/ilac.org\/publications-and-resources\/ilac-guidance-series\/\">ILAC Guidance Documents (G Series) &#8211; ILAC International Laboratory Accreditation Cooperation<\/a><\/p>\n","protected":false},"excerpt":{"rendered":"<p>Vad \u00e4r m\u00e4tos\u00e4kerhet? Alla analysresultat har m\u00e4tos\u00e4kerhet kopplad till sig. M\u00e4tos\u00e4kerheten tar h\u00e4nsyn till de olika faktorer som kan p\u00e5verka hur noggranna resultaten \u00e4r. Det kan bland annat vara vilket m\u00e4tinstrument eller m\u00e4tprincip som anv\u00e4nds, personen som utf\u00f6r analysen eller hur v\u00e5gen eller pipetten som anv\u00e4nts \u00e4r kontrollerad. SGS beslutsregel En beslutsregel ska anges n\u00e4r [&hellip;]<\/p>\n","protected":false},"author":3,"featured_media":0,"parent":0,"menu_order":0,"comment_status":"closed","ping_status":"closed","template":"","meta":{"footnotes":""},"class_list":["post-370","page","type-page","status-publish","hentry"],"blocksy_meta":[],"yoast_head":"<!-- This site is optimized with the Yoast SEO plugin v27.3 - https:\/\/yoast.com\/product\/yoast-seo-wordpress\/ -->\r\n<title>M\u00e4tos\u00e4kerhet och beslutsregel<\/title>\r\n<meta name=\"robots\" content=\"index, follow, max-snippet:-1, max-image-preview:large, max-video-preview:-1\" \/>\r\n<link rel=\"canonical\" href=\"https:\/\/brunnsvatten.sgs.com\/index.php\/matosakerhet-och-beslutsregel\/\" \/>\r\n<meta property=\"og:locale\" content=\"sv_SE\" \/>\r\n<meta property=\"og:type\" content=\"article\" \/>\r\n<meta property=\"og:title\" content=\"M\u00e4tos\u00e4kerhet och beslutsregel\" \/>\r\n<meta property=\"og:description\" content=\"Vad \u00e4r m\u00e4tos\u00e4kerhet? Alla analysresultat har m\u00e4tos\u00e4kerhet kopplad till sig. M\u00e4tos\u00e4kerheten tar h\u00e4nsyn till de olika faktorer som kan p\u00e5verka hur noggranna resultaten \u00e4r. Det kan bland annat vara vilket m\u00e4tinstrument eller m\u00e4tprincip som anv\u00e4nds, personen som utf\u00f6r analysen eller hur v\u00e5gen eller pipetten som anv\u00e4nts \u00e4r kontrollerad. SGS beslutsregel En beslutsregel ska anges n\u00e4r [&hellip;]\" \/>\r\n<meta property=\"og:url\" content=\"https:\/\/brunnsvatten.sgs.com\/index.php\/matosakerhet-och-beslutsregel\/\" \/>\r\n<meta property=\"og:site_name\" content=\"Brunnsvatten\" \/>\r\n<meta property=\"article:publisher\" content=\"https:\/\/www.facebook.com\/Brunnsvatten\" \/>\r\n<meta property=\"article:modified_time\" content=\"2025-04-11T11:00:20+00:00\" \/>\r\n<meta name=\"twitter:card\" content=\"summary_large_image\" \/>\r\n<meta name=\"twitter:label1\" content=\"Ber\u00e4knad l\u00e4stid\" \/>\n\t<meta name=\"twitter:data1\" content=\"2 minuter\" \/>\r\n<script type=\"application\/ld+json\" class=\"yoast-schema-graph\">{\"@context\":\"https:\\\/\\\/schema.org\",\"@graph\":[{\"@type\":\"WebPage\",\"@id\":\"https:\\\/\\\/brunnsvatten.sgs.com\\\/index.php\\\/matosakerhet-och-beslutsregel\\\/\",\"url\":\"https:\\\/\\\/brunnsvatten.sgs.com\\\/index.php\\\/matosakerhet-och-beslutsregel\\\/\",\"name\":\"M\u00e4tos\u00e4kerhet och beslutsregel\",\"isPartOf\":{\"@id\":\"https:\\\/\\\/brunnsvatten.sgs.com\\\/#website\"},\"datePublished\":\"2025-04-03T09:49:33+00:00\",\"dateModified\":\"2025-04-11T11:00:20+00:00\",\"breadcrumb\":{\"@id\":\"https:\\\/\\\/brunnsvatten.sgs.com\\\/index.php\\\/matosakerhet-och-beslutsregel\\\/#breadcrumb\"},\"inLanguage\":\"sv-SE\",\"potentialAction\":[{\"@type\":\"ReadAction\",\"target\":[\"https:\\\/\\\/brunnsvatten.sgs.com\\\/index.php\\\/matosakerhet-och-beslutsregel\\\/\"]}]},{\"@type\":\"BreadcrumbList\",\"@id\":\"https:\\\/\\\/brunnsvatten.sgs.com\\\/index.php\\\/matosakerhet-och-beslutsregel\\\/#breadcrumb\",\"itemListElement\":[{\"@type\":\"ListItem\",\"position\":1,\"name\":\"Home\",\"item\":\"https:\\\/\\\/brunnsvatten.sgs.com\\\/\"},{\"@type\":\"ListItem\",\"position\":2,\"name\":\"M\u00e4tos\u00e4kerhet och beslutsregel\"}]},{\"@type\":\"WebSite\",\"@id\":\"https:\\\/\\\/brunnsvatten.sgs.com\\\/#website\",\"url\":\"https:\\\/\\\/brunnsvatten.sgs.com\\\/\",\"name\":\"Brunnsvatten: SGS Webbshop\",\"description\":\"Vatten \u00e4r ett av v\u00e5ra viktigaste livsmedel och vi p\u00e5 SGS vill g\u00f6ra det tryggt f\u00f6r alla att dricka sitt vatten.\",\"publisher\":{\"@id\":\"https:\\\/\\\/brunnsvatten.sgs.com\\\/#organization\"},\"alternateName\":\"Brunnsvatten\",\"potentialAction\":[{\"@type\":\"SearchAction\",\"target\":{\"@type\":\"EntryPoint\",\"urlTemplate\":\"https:\\\/\\\/brunnsvatten.sgs.com\\\/?s={search_term_string}\"},\"query-input\":{\"@type\":\"PropertyValueSpecification\",\"valueRequired\":true,\"valueName\":\"search_term_string\"}}],\"inLanguage\":\"sv-SE\"},{\"@type\":\"Organization\",\"@id\":\"https:\\\/\\\/brunnsvatten.sgs.com\\\/#organization\",\"name\":\"SGS Analytics Sweden AB\",\"url\":\"https:\\\/\\\/brunnsvatten.sgs.com\\\/\",\"logo\":{\"@type\":\"ImageObject\",\"inLanguage\":\"sv-SE\",\"@id\":\"https:\\\/\\\/brunnsvatten.sgs.com\\\/#\\\/schema\\\/logo\\\/image\\\/\",\"url\":\"https:\\\/\\\/brunnsvatten.sgs.com\\\/wp-content\\\/uploads\\\/2023\\\/10\\\/SGS_brunnsvatten.png\",\"contentUrl\":\"https:\\\/\\\/brunnsvatten.sgs.com\\\/wp-content\\\/uploads\\\/2023\\\/10\\\/SGS_brunnsvatten.png\",\"width\":651,\"height\":78,\"caption\":\"SGS Analytics Sweden AB\"},\"image\":{\"@id\":\"https:\\\/\\\/brunnsvatten.sgs.com\\\/#\\\/schema\\\/logo\\\/image\\\/\"},\"sameAs\":[\"https:\\\/\\\/www.facebook.com\\\/Brunnsvatten\"]}]}<\/script>\r\n<!-- \/ Yoast SEO plugin. -->","yoast_head_json":{"title":"M\u00e4tos\u00e4kerhet och beslutsregel","robots":{"index":"index","follow":"follow","max-snippet":"max-snippet:-1","max-image-preview":"max-image-preview:large","max-video-preview":"max-video-preview:-1"},"canonical":"https:\/\/brunnsvatten.sgs.com\/index.php\/matosakerhet-och-beslutsregel\/","og_locale":"sv_SE","og_type":"article","og_title":"M\u00e4tos\u00e4kerhet och beslutsregel","og_description":"Vad \u00e4r m\u00e4tos\u00e4kerhet? Alla analysresultat har m\u00e4tos\u00e4kerhet kopplad till sig. M\u00e4tos\u00e4kerheten tar h\u00e4nsyn till de olika faktorer som kan p\u00e5verka hur noggranna resultaten \u00e4r. Det kan bland annat vara vilket m\u00e4tinstrument eller m\u00e4tprincip som anv\u00e4nds, personen som utf\u00f6r analysen eller hur v\u00e5gen eller pipetten som anv\u00e4nts \u00e4r kontrollerad. SGS beslutsregel En beslutsregel ska anges n\u00e4r [&hellip;]","og_url":"https:\/\/brunnsvatten.sgs.com\/index.php\/matosakerhet-och-beslutsregel\/","og_site_name":"Brunnsvatten","article_publisher":"https:\/\/www.facebook.com\/Brunnsvatten","article_modified_time":"2025-04-11T11:00:20+00:00","twitter_card":"summary_large_image","twitter_misc":{"Ber\u00e4knad l\u00e4stid":"2 minuter"},"schema":{"@context":"https:\/\/schema.org","@graph":[{"@type":"WebPage","@id":"https:\/\/brunnsvatten.sgs.com\/index.php\/matosakerhet-och-beslutsregel\/","url":"https:\/\/brunnsvatten.sgs.com\/index.php\/matosakerhet-och-beslutsregel\/","name":"M\u00e4tos\u00e4kerhet och beslutsregel","isPartOf":{"@id":"https:\/\/brunnsvatten.sgs.com\/#website"},"datePublished":"2025-04-03T09:49:33+00:00","dateModified":"2025-04-11T11:00:20+00:00","breadcrumb":{"@id":"https:\/\/brunnsvatten.sgs.com\/index.php\/matosakerhet-och-beslutsregel\/#breadcrumb"},"inLanguage":"sv-SE","potentialAction":[{"@type":"ReadAction","target":["https:\/\/brunnsvatten.sgs.com\/index.php\/matosakerhet-och-beslutsregel\/"]}]},{"@type":"BreadcrumbList","@id":"https:\/\/brunnsvatten.sgs.com\/index.php\/matosakerhet-och-beslutsregel\/#breadcrumb","itemListElement":[{"@type":"ListItem","position":1,"name":"Home","item":"https:\/\/brunnsvatten.sgs.com\/"},{"@type":"ListItem","position":2,"name":"M\u00e4tos\u00e4kerhet och beslutsregel"}]},{"@type":"WebSite","@id":"https:\/\/brunnsvatten.sgs.com\/#website","url":"https:\/\/brunnsvatten.sgs.com\/","name":"Brunnsvatten: SGS Webbshop","description":"Vatten \u00e4r ett av v\u00e5ra viktigaste livsmedel och vi p\u00e5 SGS vill g\u00f6ra det tryggt f\u00f6r alla att dricka sitt vatten.","publisher":{"@id":"https:\/\/brunnsvatten.sgs.com\/#organization"},"alternateName":"Brunnsvatten","potentialAction":[{"@type":"SearchAction","target":{"@type":"EntryPoint","urlTemplate":"https:\/\/brunnsvatten.sgs.com\/?s={search_term_string}"},"query-input":{"@type":"PropertyValueSpecification","valueRequired":true,"valueName":"search_term_string"}}],"inLanguage":"sv-SE"},{"@type":"Organization","@id":"https:\/\/brunnsvatten.sgs.com\/#organization","name":"SGS Analytics Sweden AB","url":"https:\/\/brunnsvatten.sgs.com\/","logo":{"@type":"ImageObject","inLanguage":"sv-SE","@id":"https:\/\/brunnsvatten.sgs.com\/#\/schema\/logo\/image\/","url":"https:\/\/brunnsvatten.sgs.com\/wp-content\/uploads\/2023\/10\/SGS_brunnsvatten.png","contentUrl":"https:\/\/brunnsvatten.sgs.com\/wp-content\/uploads\/2023\/10\/SGS_brunnsvatten.png","width":651,"height":78,"caption":"SGS Analytics Sweden AB"},"image":{"@id":"https:\/\/brunnsvatten.sgs.com\/#\/schema\/logo\/image\/"},"sameAs":["https:\/\/www.facebook.com\/Brunnsvatten"]}]}},"_links":{"self":[{"href":"https:\/\/brunnsvatten.sgs.com\/index.php\/wp-json\/wp\/v2\/pages\/370","targetHints":{"allow":["GET"]}}],"collection":[{"href":"https:\/\/brunnsvatten.sgs.com\/index.php\/wp-json\/wp\/v2\/pages"}],"about":[{"href":"https:\/\/brunnsvatten.sgs.com\/index.php\/wp-json\/wp\/v2\/types\/page"}],"author":[{"embeddable":true,"href":"https:\/\/brunnsvatten.sgs.com\/index.php\/wp-json\/wp\/v2\/users\/3"}],"replies":[{"embeddable":true,"href":"https:\/\/brunnsvatten.sgs.com\/index.php\/wp-json\/wp\/v2\/comments?post=370"}],"version-history":[{"count":7,"href":"https:\/\/brunnsvatten.sgs.com\/index.php\/wp-json\/wp\/v2\/pages\/370\/revisions"}],"predecessor-version":[{"id":406,"href":"https:\/\/brunnsvatten.sgs.com\/index.php\/wp-json\/wp\/v2\/pages\/370\/revisions\/406"}],"wp:attachment":[{"href":"https:\/\/brunnsvatten.sgs.com\/index.php\/wp-json\/wp\/v2\/media?parent=370"}],"curies":[{"name":"wp","href":"https:\/\/api.w.org\/{rel}","templated":true}]}}