{"id":63,"date":"2023-10-06T09:31:59","date_gmt":"2023-10-06T07:31:59","guid":{"rendered":"https:\/\/localhost:99\/?post_type=product&#038;p=63"},"modified":"2026-01-23T09:23:00","modified_gmt":"2026-01-23T08:23:00","slug":"bekampningsmedel","status":"publish","type":"product","link":"https:\/\/brunnsvatten.sgs.com\/index.php\/produkt\/bekampningsmedel\/","title":{"rendered":"Bek\u00e4mpningsmedel"},"content":{"rendered":"<h2><strong>Analysomfattning:<\/strong><\/h2>\n<ul>\n<li>2,4,5-triklorfenoxi\u00e4ttiksyra<\/li>\n<li>2,4-diklorfenoxi\u00e4ttiksyra<\/li>\n<li>Atrazin<\/li>\n<li>BAM (2,6-diklorbensamid)<\/li>\n<li>Bentazon<\/li>\n<li>Bitertanol<\/li>\n<li>Cyanazin<\/li>\n<li>Desetylatrazin<\/li>\n<li>Desisopropylatrazin<\/li>\n<li>Diklorprop<\/li>\n<li>Dimetoat<\/li>\n<li>Diuron<\/li>\n<li>Etofumesat<\/li>\n<li>Fenoxaprop<\/li>\n<li>Hexazinon<\/li>\n<li>Isoproturon<\/li>\n<li>Kloridazon<\/li>\n<li>Klorsulfuron<\/li>\n<li>Kvinmerak<\/li>\n<li>MCPA<\/li>\n<li>Mekoprop<\/li>\n<li>Metamitron<\/li>\n<li>Metazaklor<\/li>\n<li>Metribuzin<\/li>\n<li>Metsulfuronmetyl<\/li>\n<li>Pendimetalin<\/li>\n<li>Simazin<\/li>\n<li>Terbutylazin<\/li>\n<li>Tifensulfuronmetyl<\/li>\n<li>AMPA<\/li>\n<li>Glyfosat<\/li>\n<\/ul>\n","protected":false},"excerpt":{"rendered":"<p>Bek\u00e4mpningsmedel analyseras i de fall d\u00e5 man misst\u00e4nker f\u00f6rorening fr\u00e5n n\u00e4rliggande jordbruksmark, besprutade banvallar eller g\u00e5rdsplaner. Analyspaketet omfattar 31 olika substanser och t\u00e4cker in de allra flesta av de kommersiella bek\u00e4mpningsmedel som anv\u00e4nds och har anv\u00e4nts i Sverige inklusive Round up och Totex str\u00f6. SGS rekommenderar alltid trygghetspaketet som komplement f\u00f6r att f\u00e5 en mer komplett kunskap om vattnets kvalitet.<\/p>\n<p><strong>I\u00a0priset ing\u00e5r analys, provmaterial, provberedning och utskick av material.<\/strong><\/p>\n","protected":false},"featured_media":64,"template":"","meta":[],"product_brand":[],"product_cat":[20],"product_tag":[],"class_list":{"0":"post-63","1":"product","2":"type-product","3":"status-publish","4":"has-post-thumbnail","6":"product_cat-analyser","8":"first","9":"instock","10":"taxable","11":"shipping-taxable","12":"purchasable","13":"product-type-simple"},"yoast_head":"<!-- This site is optimized with the Yoast SEO plugin v27.3 - https:\/\/yoast.com\/product\/yoast-seo-wordpress\/ -->\r\n<title>Bek\u00e4mpningsmedel<\/title>\r\n<meta name=\"robots\" content=\"index, follow, max-snippet:-1, max-image-preview:large, max-video-preview:-1\" \/>\r\n<link rel=\"canonical\" href=\"https:\/\/brunnsvatten.sgs.com\/index.php\/produkt\/bekampningsmedel\/\" \/>\r\n<meta property=\"og:locale\" content=\"sv_SE\" \/>\r\n<meta property=\"og:type\" content=\"article\" \/>\r\n<meta property=\"og:title\" content=\"Bek\u00e4mpningsmedel\" \/>\r\n<meta property=\"og:description\" content=\"Bek\u00e4mpningsmedel analyseras i de fall d\u00e5 man misst\u00e4nker f\u00f6rorening fr\u00e5n n\u00e4rliggande jordbruksmark, besprutade banvallar eller g\u00e5rdsplaner. Analyspaketet omfattar 31 olika substanser och t\u00e4cker in de allra flesta av de kommersiella bek\u00e4mpningsmedel som anv\u00e4nds och har anv\u00e4nts i Sverige inklusive Round up och Totex str\u00f6. SGS rekommenderar alltid trygghetspaketet som komplement f\u00f6r att f\u00e5 en mer komplett kunskap om vattnets kvalitet.  I\u00a0priset ing\u00e5r analys, provmaterial, provberedning och utskick av material.\" \/>\r\n<meta property=\"og:url\" content=\"https:\/\/brunnsvatten.sgs.com\/index.php\/produkt\/bekampningsmedel\/\" \/>\r\n<meta property=\"og:site_name\" content=\"Brunnsvatten\" \/>\r\n<meta property=\"article:publisher\" content=\"https:\/\/www.facebook.com\/Brunnsvatten\" \/>\r\n<meta property=\"article:modified_time\" content=\"2026-01-23T08:23:00+00:00\" \/>\r\n<meta property=\"og:image\" content=\"https:\/\/brunnsvatten.sgs.com\/wp-content\/uploads\/2023\/10\/bekampningsmedel.jpg\" \/>\r\n\t<meta property=\"og:image:width\" content=\"524\" \/>\r\n\t<meta property=\"og:image:height\" content=\"392\" \/>\r\n\t<meta property=\"og:image:type\" content=\"image\/jpeg\" \/>\r\n<meta name=\"twitter:card\" content=\"summary_large_image\" \/>\r\n<script type=\"application\/ld+json\" class=\"yoast-schema-graph\">{\"@context\":\"https:\\\/\\\/schema.org\",\"@graph\":[{\"@type\":\"WebPage\",\"@id\":\"https:\\\/\\\/brunnsvatten.sgs.com\\\/index.php\\\/produkt\\\/bekampningsmedel\\\/\",\"url\":\"https:\\\/\\\/brunnsvatten.sgs.com\\\/index.php\\\/produkt\\\/bekampningsmedel\\\/\",\"name\":\"Bek\u00e4mpningsmedel\",\"isPartOf\":{\"@id\":\"https:\\\/\\\/brunnsvatten.sgs.com\\\/#website\"},\"primaryImageOfPage\":{\"@id\":\"https:\\\/\\\/brunnsvatten.sgs.com\\\/index.php\\\/produkt\\\/bekampningsmedel\\\/#primaryimage\"},\"image\":{\"@id\":\"https:\\\/\\\/brunnsvatten.sgs.com\\\/index.php\\\/produkt\\\/bekampningsmedel\\\/#primaryimage\"},\"thumbnailUrl\":\"https:\\\/\\\/brunnsvatten.sgs.com\\\/wp-content\\\/uploads\\\/2023\\\/10\\\/bekampningsmedel.jpg\",\"datePublished\":\"2023-10-06T07:31:59+00:00\",\"dateModified\":\"2026-01-23T08:23:00+00:00\",\"breadcrumb\":{\"@id\":\"https:\\\/\\\/brunnsvatten.sgs.com\\\/index.php\\\/produkt\\\/bekampningsmedel\\\/#breadcrumb\"},\"inLanguage\":\"sv-SE\",\"potentialAction\":[{\"@type\":\"ReadAction\",\"target\":[\"https:\\\/\\\/brunnsvatten.sgs.com\\\/index.php\\\/produkt\\\/bekampningsmedel\\\/\"]}]},{\"@type\":\"ImageObject\",\"inLanguage\":\"sv-SE\",\"@id\":\"https:\\\/\\\/brunnsvatten.sgs.com\\\/index.php\\\/produkt\\\/bekampningsmedel\\\/#primaryimage\",\"url\":\"https:\\\/\\\/brunnsvatten.sgs.com\\\/wp-content\\\/uploads\\\/2023\\\/10\\\/bekampningsmedel.jpg\",\"contentUrl\":\"https:\\\/\\\/brunnsvatten.sgs.com\\\/wp-content\\\/uploads\\\/2023\\\/10\\\/bekampningsmedel.jpg\",\"width\":524,\"height\":392},{\"@type\":\"BreadcrumbList\",\"@id\":\"https:\\\/\\\/brunnsvatten.sgs.com\\\/index.php\\\/produkt\\\/bekampningsmedel\\\/#breadcrumb\",\"itemListElement\":[{\"@type\":\"ListItem\",\"position\":1,\"name\":\"Home\",\"item\":\"https:\\\/\\\/brunnsvatten.sgs.com\\\/\"},{\"@type\":\"ListItem\",\"position\":2,\"name\":\"Shop\",\"item\":\"https:\\\/\\\/brunnsvatten.sgs.com\\\/\"},{\"@type\":\"ListItem\",\"position\":3,\"name\":\"Bek\u00e4mpningsmedel\"}]},{\"@type\":\"WebSite\",\"@id\":\"https:\\\/\\\/brunnsvatten.sgs.com\\\/#website\",\"url\":\"https:\\\/\\\/brunnsvatten.sgs.com\\\/\",\"name\":\"Brunnsvatten: SGS Webbshop\",\"description\":\"Vatten \u00e4r ett av v\u00e5ra viktigaste livsmedel och vi p\u00e5 SGS vill g\u00f6ra det tryggt f\u00f6r alla att dricka sitt vatten.\",\"publisher\":{\"@id\":\"https:\\\/\\\/brunnsvatten.sgs.com\\\/#organization\"},\"alternateName\":\"Brunnsvatten\",\"potentialAction\":[{\"@type\":\"SearchAction\",\"target\":{\"@type\":\"EntryPoint\",\"urlTemplate\":\"https:\\\/\\\/brunnsvatten.sgs.com\\\/?s={search_term_string}\"},\"query-input\":{\"@type\":\"PropertyValueSpecification\",\"valueRequired\":true,\"valueName\":\"search_term_string\"}}],\"inLanguage\":\"sv-SE\"},{\"@type\":\"Organization\",\"@id\":\"https:\\\/\\\/brunnsvatten.sgs.com\\\/#organization\",\"name\":\"SGS Analytics Sweden AB\",\"url\":\"https:\\\/\\\/brunnsvatten.sgs.com\\\/\",\"logo\":{\"@type\":\"ImageObject\",\"inLanguage\":\"sv-SE\",\"@id\":\"https:\\\/\\\/brunnsvatten.sgs.com\\\/#\\\/schema\\\/logo\\\/image\\\/\",\"url\":\"https:\\\/\\\/brunnsvatten.sgs.com\\\/wp-content\\\/uploads\\\/2023\\\/10\\\/SGS_brunnsvatten.png\",\"contentUrl\":\"https:\\\/\\\/brunnsvatten.sgs.com\\\/wp-content\\\/uploads\\\/2023\\\/10\\\/SGS_brunnsvatten.png\",\"width\":651,\"height\":78,\"caption\":\"SGS Analytics Sweden AB\"},\"image\":{\"@id\":\"https:\\\/\\\/brunnsvatten.sgs.com\\\/#\\\/schema\\\/logo\\\/image\\\/\"},\"sameAs\":[\"https:\\\/\\\/www.facebook.com\\\/Brunnsvatten\"]}]}<\/script>\r\n<!-- \/ Yoast SEO plugin. -->","yoast_head_json":{"title":"Bek\u00e4mpningsmedel","robots":{"index":"index","follow":"follow","max-snippet":"max-snippet:-1","max-image-preview":"max-image-preview:large","max-video-preview":"max-video-preview:-1"},"canonical":"https:\/\/brunnsvatten.sgs.com\/index.php\/produkt\/bekampningsmedel\/","og_locale":"sv_SE","og_type":"article","og_title":"Bek\u00e4mpningsmedel","og_description":"Bek\u00e4mpningsmedel analyseras i de fall d\u00e5 man misst\u00e4nker f\u00f6rorening fr\u00e5n n\u00e4rliggande jordbruksmark, besprutade banvallar eller g\u00e5rdsplaner. Analyspaketet omfattar 31 olika substanser och t\u00e4cker in de allra flesta av de kommersiella bek\u00e4mpningsmedel som anv\u00e4nds och har anv\u00e4nts i Sverige inklusive Round up och Totex str\u00f6. SGS rekommenderar alltid trygghetspaketet som komplement f\u00f6r att f\u00e5 en mer komplett kunskap om vattnets kvalitet.  I\u00a0priset ing\u00e5r analys, provmaterial, provberedning och utskick av material.","og_url":"https:\/\/brunnsvatten.sgs.com\/index.php\/produkt\/bekampningsmedel\/","og_site_name":"Brunnsvatten","article_publisher":"https:\/\/www.facebook.com\/Brunnsvatten","article_modified_time":"2026-01-23T08:23:00+00:00","og_image":[{"width":524,"height":392,"url":"https:\/\/brunnsvatten.sgs.com\/wp-content\/uploads\/2023\/10\/bekampningsmedel.jpg","type":"image\/jpeg"}],"twitter_card":"summary_large_image","schema":{"@context":"https:\/\/schema.org","@graph":[{"@type":"WebPage","@id":"https:\/\/brunnsvatten.sgs.com\/index.php\/produkt\/bekampningsmedel\/","url":"https:\/\/brunnsvatten.sgs.com\/index.php\/produkt\/bekampningsmedel\/","name":"Bek\u00e4mpningsmedel","isPartOf":{"@id":"https:\/\/brunnsvatten.sgs.com\/#website"},"primaryImageOfPage":{"@id":"https:\/\/brunnsvatten.sgs.com\/index.php\/produkt\/bekampningsmedel\/#primaryimage"},"image":{"@id":"https:\/\/brunnsvatten.sgs.com\/index.php\/produkt\/bekampningsmedel\/#primaryimage"},"thumbnailUrl":"https:\/\/brunnsvatten.sgs.com\/wp-content\/uploads\/2023\/10\/bekampningsmedel.jpg","datePublished":"2023-10-06T07:31:59+00:00","dateModified":"2026-01-23T08:23:00+00:00","breadcrumb":{"@id":"https:\/\/brunnsvatten.sgs.com\/index.php\/produkt\/bekampningsmedel\/#breadcrumb"},"inLanguage":"sv-SE","potentialAction":[{"@type":"ReadAction","target":["https:\/\/brunnsvatten.sgs.com\/index.php\/produkt\/bekampningsmedel\/"]}]},{"@type":"ImageObject","inLanguage":"sv-SE","@id":"https:\/\/brunnsvatten.sgs.com\/index.php\/produkt\/bekampningsmedel\/#primaryimage","url":"https:\/\/brunnsvatten.sgs.com\/wp-content\/uploads\/2023\/10\/bekampningsmedel.jpg","contentUrl":"https:\/\/brunnsvatten.sgs.com\/wp-content\/uploads\/2023\/10\/bekampningsmedel.jpg","width":524,"height":392},{"@type":"BreadcrumbList","@id":"https:\/\/brunnsvatten.sgs.com\/index.php\/produkt\/bekampningsmedel\/#breadcrumb","itemListElement":[{"@type":"ListItem","position":1,"name":"Home","item":"https:\/\/brunnsvatten.sgs.com\/"},{"@type":"ListItem","position":2,"name":"Shop","item":"https:\/\/brunnsvatten.sgs.com\/"},{"@type":"ListItem","position":3,"name":"Bek\u00e4mpningsmedel"}]},{"@type":"WebSite","@id":"https:\/\/brunnsvatten.sgs.com\/#website","url":"https:\/\/brunnsvatten.sgs.com\/","name":"Brunnsvatten: SGS Webbshop","description":"Vatten \u00e4r ett av v\u00e5ra viktigaste livsmedel och vi p\u00e5 SGS vill g\u00f6ra det tryggt f\u00f6r alla att dricka sitt vatten.","publisher":{"@id":"https:\/\/brunnsvatten.sgs.com\/#organization"},"alternateName":"Brunnsvatten","potentialAction":[{"@type":"SearchAction","target":{"@type":"EntryPoint","urlTemplate":"https:\/\/brunnsvatten.sgs.com\/?s={search_term_string}"},"query-input":{"@type":"PropertyValueSpecification","valueRequired":true,"valueName":"search_term_string"}}],"inLanguage":"sv-SE"},{"@type":"Organization","@id":"https:\/\/brunnsvatten.sgs.com\/#organization","name":"SGS Analytics Sweden AB","url":"https:\/\/brunnsvatten.sgs.com\/","logo":{"@type":"ImageObject","inLanguage":"sv-SE","@id":"https:\/\/brunnsvatten.sgs.com\/#\/schema\/logo\/image\/","url":"https:\/\/brunnsvatten.sgs.com\/wp-content\/uploads\/2023\/10\/SGS_brunnsvatten.png","contentUrl":"https:\/\/brunnsvatten.sgs.com\/wp-content\/uploads\/2023\/10\/SGS_brunnsvatten.png","width":651,"height":78,"caption":"SGS Analytics Sweden AB"},"image":{"@id":"https:\/\/brunnsvatten.sgs.com\/#\/schema\/logo\/image\/"},"sameAs":["https:\/\/www.facebook.com\/Brunnsvatten"]}]}},"_links":{"self":[{"href":"https:\/\/brunnsvatten.sgs.com\/index.php\/wp-json\/wp\/v2\/product\/63","targetHints":{"allow":["GET"]}}],"collection":[{"href":"https:\/\/brunnsvatten.sgs.com\/index.php\/wp-json\/wp\/v2\/product"}],"about":[{"href":"https:\/\/brunnsvatten.sgs.com\/index.php\/wp-json\/wp\/v2\/types\/product"}],"wp:featuredmedia":[{"embeddable":true,"href":"https:\/\/brunnsvatten.sgs.com\/index.php\/wp-json\/wp\/v2\/media\/64"}],"wp:attachment":[{"href":"https:\/\/brunnsvatten.sgs.com\/index.php\/wp-json\/wp\/v2\/media?parent=63"}],"wp:term":[{"taxonomy":"product_brand","embeddable":true,"href":"https:\/\/brunnsvatten.sgs.com\/index.php\/wp-json\/wp\/v2\/product_brand?post=63"},{"taxonomy":"product_cat","embeddable":true,"href":"https:\/\/brunnsvatten.sgs.com\/index.php\/wp-json\/wp\/v2\/product_cat?post=63"},{"taxonomy":"product_tag","embeddable":true,"href":"https:\/\/brunnsvatten.sgs.com\/index.php\/wp-json\/wp\/v2\/product_tag?post=63"}],"curies":[{"name":"wp","href":"https:\/\/api.w.org\/{rel}","templated":true}]}}