{"id":65,"date":"2023-10-06T09:33:34","date_gmt":"2023-10-06T07:33:34","guid":{"rendered":"https:\/\/localhost:99\/?post_type=product&#038;p=65"},"modified":"2026-01-23T09:22:17","modified_gmt":"2026-01-23T08:22:17","slug":"pfas22","status":"publish","type":"product","link":"https:\/\/brunnsvatten.sgs.com\/index.php\/produkt\/pfas22\/","title":{"rendered":"PFAS22"},"content":{"rendered":"<h2><strong>Analysomfattning:<\/strong><\/h2>\n<ul>\n<li>PFBS<\/li>\n<li>PFPeS<\/li>\n<li>PFHxS<\/li>\n<li>PFHpS<\/li>\n<li>PFOS, grenad<\/li>\n<li>PFOS, linj\u00e4r<\/li>\n<li>PFOS, total<\/li>\n<li>PFNS<\/li>\n<li>PFDS<\/li>\n<li>PFUnDS<\/li>\n<li>PFDoDS<\/li>\n<li>PFTrDS<\/li>\n<li>PFBA<\/li>\n<li>PFPeA<\/li>\n<li>PFHxA<\/li>\n<li>PFHpA<\/li>\n<li>PFOA, grenad<\/li>\n<li>PFOA, linj\u00e4r<\/li>\n<li>PFOA, total<\/li>\n<li>PFNA<\/li>\n<li>PFDA<\/li>\n<li>PFUnDA<\/li>\n<li>PFDoDA<\/li>\n<li>PFTrDA<\/li>\n<li>6:2 FTS<\/li>\n<li>PFOSA<\/li>\n<li>Summa 4 PFAS<\/li>\n<li>Summa 11 PFAS<\/li>\n<li>Summa 21 PFAS<\/li>\n<li>Summa 22 PFAS<\/li>\n<\/ul>\n","protected":false},"excerpt":{"rendered":"<p>PFAS \u00e4r ett samlingsnamn f\u00f6r \u00f6ver 4700 olika \u00e4mnen. De kallas \u00e4ven, per- och polyfluorerade \u00e4mnen, och h\u00f6gfluorerade \u00e4mnen. PFAS \u00e5terfinns i produkter d\u00e4r \u00e4mnets funktion ska st\u00f6ta bort, tex vatten, fett eller smuts. Stekpannor, matf\u00f6rpackningar, brandskum etc. \u00e4r produkter de kan \u00e5terfinnas i. PFAS fr\u00e5n brandskum har hittats i flera vattent\u00e4kter i Sverige. PFAS \u00e4r extremt sv\u00e5rnedbrytbart och idag finns inte heller n\u00e5gra effektiva reningsmetoder.<\/p>\n<p>PFAS analys rekommenderas n\u00e4r man har en brunn som ligger i avrinningsomr\u00e5det av en brand\u00f6vningsplats, flygplats eller liknande och man misst\u00e4nker att det har p\u00e5verkat brunnsvattenkvaliteten. Tidigare eller nuvarande anv\u00e4ndning av sl\u00e4ckskum (AFFF) \u00e4r en av de st\u00f6rsta k\u00e4llorna till lokal PFAA-f\u00f6rorening av mark och vatten. AFFF har anv\u00e4nts i stor skala p\u00e5 brand\u00f6vningsplatser p\u00e5 flygplatser, milit\u00e4ra anl\u00e4ggningar och industriella och kommunala r\u00e4ddningstj\u00e4nster. Tv\u00e5 av de historiskt mest anv\u00e4nda PFAS i AFFF \u00e4r PFOS och PFOA.<\/p>\n<p>Perfluoreradef\u00f6roreningar fr\u00e5n brand\u00f6vning har i flera fall n\u00e5tt grundvatten och ytvattent\u00e4kter vilket har orsakat hel eller delvis st\u00e4ngning av vattenverk och brunnar. Om en dricksvattenanl\u00e4ggning \u00e4r, eller misst\u00e4nkt kunna vara, p\u00e5verkad av PFAA b\u00f6r halterna i dricksvattnet unders\u00f6kas, enligt rekommendationer fr\u00e5n Livsmedelsverket. SGS rekommenderar alltid trygghetspaketet som komplement f\u00f6r att f\u00e5 en mer komplett kunskap om vattnets kvalitet.<\/p>\n<p><strong>I\u00a0priset ing\u00e5r analys, provmaterial, provberedning och utskick av material.<\/strong><\/p>\n","protected":false},"featured_media":66,"template":"","meta":[],"product_brand":[],"product_cat":[20],"product_tag":[],"class_list":{"0":"post-65","1":"product","2":"type-product","3":"status-publish","4":"has-post-thumbnail","6":"product_cat-analyser","8":"first","9":"instock","10":"taxable","11":"shipping-taxable","12":"purchasable","13":"product-type-simple"},"yoast_head":"<!-- This site is optimized with the Yoast SEO plugin v27.3 - https:\/\/yoast.com\/product\/yoast-seo-wordpress\/ -->\r\n<title>PFAS22<\/title>\r\n<meta name=\"robots\" content=\"index, follow, max-snippet:-1, max-image-preview:large, max-video-preview:-1\" \/>\r\n<link rel=\"canonical\" href=\"https:\/\/brunnsvatten.sgs.com\/index.php\/produkt\/pfas22\/\" \/>\r\n<meta property=\"og:locale\" content=\"sv_SE\" \/>\r\n<meta property=\"og:type\" content=\"article\" \/>\r\n<meta property=\"og:title\" content=\"PFAS22\" \/>\r\n<meta property=\"og:description\" content=\"PFAS \u00e4r ett samlingsnamn f\u00f6r \u00f6ver 4700 olika \u00e4mnen. De kallas \u00e4ven, per- och polyfluorerade \u00e4mnen, och h\u00f6gfluorerade \u00e4mnen. PFAS \u00e5terfinns i produkter d\u00e4r \u00e4mnets funktion ska st\u00f6ta bort, tex vatten, fett eller smuts. Stekpannor, matf\u00f6rpackningar, brandskum etc. \u00e4r produkter de kan \u00e5terfinnas i. PFAS fr\u00e5n brandskum har hittats i flera vattent\u00e4kter i Sverige. PFAS \u00e4r extremt sv\u00e5rnedbrytbart och idag finns inte heller n\u00e5gra effektiva reningsmetoder.  PFAS analys rekommenderas n\u00e4r man har en brunn som ligger i avrinningsomr\u00e5det av en brand\u00f6vningsplats, flygplats eller liknande och man misst\u00e4nker att det har p\u00e5verkat brunnsvattenkvaliteten. Tidigare eller nuvarande anv\u00e4ndning av sl\u00e4ckskum (AFFF) \u00e4r en av de st\u00f6rsta k\u00e4llorna till lokal PFAA-f\u00f6rorening av mark och vatten. AFFF har anv\u00e4nts i stor skala p\u00e5 brand\u00f6vningsplatser p\u00e5 flygplatser, milit\u00e4ra anl\u00e4ggningar och industriella och kommunala r\u00e4ddningstj\u00e4nster. Tv\u00e5 av de historiskt mest anv\u00e4nda PFAS i AFFF \u00e4r PFOS och PFOA.  Perfluoreradef\u00f6roreningar fr\u00e5n brand\u00f6vning har i flera fall n\u00e5tt grundvatten och ytvattent\u00e4kter vilket har orsakat hel eller delvis st\u00e4ngning av vattenverk och brunnar. Om en dricksvattenanl\u00e4ggning \u00e4r, eller misst\u00e4nkt kunna vara, p\u00e5verkad av PFAA b\u00f6r halterna i dricksvattnet unders\u00f6kas, enligt rekommendationer fr\u00e5n Livsmedelsverket. SGS rekommenderar alltid trygghetspaketet som komplement f\u00f6r att f\u00e5 en mer komplett kunskap om vattnets kvalitet.  I\u00a0priset ing\u00e5r analys, provmaterial, provberedning och utskick av material.\" \/>\r\n<meta property=\"og:url\" content=\"https:\/\/brunnsvatten.sgs.com\/index.php\/produkt\/pfas22\/\" \/>\r\n<meta property=\"og:site_name\" content=\"Brunnsvatten\" \/>\r\n<meta property=\"article:publisher\" content=\"https:\/\/www.facebook.com\/Brunnsvatten\" \/>\r\n<meta property=\"article:modified_time\" content=\"2026-01-23T08:22:17+00:00\" \/>\r\n<meta property=\"og:image\" content=\"https:\/\/brunnsvatten.sgs.com\/wp-content\/uploads\/2023\/10\/pfas.jpg\" \/>\r\n\t<meta property=\"og:image:width\" content=\"524\" \/>\r\n\t<meta property=\"og:image:height\" content=\"392\" \/>\r\n\t<meta property=\"og:image:type\" content=\"image\/jpeg\" \/>\r\n<meta name=\"twitter:card\" content=\"summary_large_image\" \/>\r\n<meta name=\"twitter:label1\" content=\"Ber\u00e4knad l\u00e4stid\" \/>\n\t<meta name=\"twitter:data1\" content=\"1 minut\" \/>\r\n<script type=\"application\/ld+json\" class=\"yoast-schema-graph\">{\"@context\":\"https:\\\/\\\/schema.org\",\"@graph\":[{\"@type\":\"WebPage\",\"@id\":\"https:\\\/\\\/brunnsvatten.sgs.com\\\/index.php\\\/produkt\\\/pfas22\\\/\",\"url\":\"https:\\\/\\\/brunnsvatten.sgs.com\\\/index.php\\\/produkt\\\/pfas22\\\/\",\"name\":\"PFAS22\",\"isPartOf\":{\"@id\":\"https:\\\/\\\/brunnsvatten.sgs.com\\\/#website\"},\"primaryImageOfPage\":{\"@id\":\"https:\\\/\\\/brunnsvatten.sgs.com\\\/index.php\\\/produkt\\\/pfas22\\\/#primaryimage\"},\"image\":{\"@id\":\"https:\\\/\\\/brunnsvatten.sgs.com\\\/index.php\\\/produkt\\\/pfas22\\\/#primaryimage\"},\"thumbnailUrl\":\"https:\\\/\\\/brunnsvatten.sgs.com\\\/wp-content\\\/uploads\\\/2023\\\/10\\\/pfas.jpg\",\"datePublished\":\"2023-10-06T07:33:34+00:00\",\"dateModified\":\"2026-01-23T08:22:17+00:00\",\"breadcrumb\":{\"@id\":\"https:\\\/\\\/brunnsvatten.sgs.com\\\/index.php\\\/produkt\\\/pfas22\\\/#breadcrumb\"},\"inLanguage\":\"sv-SE\",\"potentialAction\":[{\"@type\":\"ReadAction\",\"target\":[\"https:\\\/\\\/brunnsvatten.sgs.com\\\/index.php\\\/produkt\\\/pfas22\\\/\"]}]},{\"@type\":\"ImageObject\",\"inLanguage\":\"sv-SE\",\"@id\":\"https:\\\/\\\/brunnsvatten.sgs.com\\\/index.php\\\/produkt\\\/pfas22\\\/#primaryimage\",\"url\":\"https:\\\/\\\/brunnsvatten.sgs.com\\\/wp-content\\\/uploads\\\/2023\\\/10\\\/pfas.jpg\",\"contentUrl\":\"https:\\\/\\\/brunnsvatten.sgs.com\\\/wp-content\\\/uploads\\\/2023\\\/10\\\/pfas.jpg\",\"width\":524,\"height\":392},{\"@type\":\"BreadcrumbList\",\"@id\":\"https:\\\/\\\/brunnsvatten.sgs.com\\\/index.php\\\/produkt\\\/pfas22\\\/#breadcrumb\",\"itemListElement\":[{\"@type\":\"ListItem\",\"position\":1,\"name\":\"Home\",\"item\":\"https:\\\/\\\/brunnsvatten.sgs.com\\\/\"},{\"@type\":\"ListItem\",\"position\":2,\"name\":\"Shop\",\"item\":\"https:\\\/\\\/brunnsvatten.sgs.com\\\/\"},{\"@type\":\"ListItem\",\"position\":3,\"name\":\"PFAS22\"}]},{\"@type\":\"WebSite\",\"@id\":\"https:\\\/\\\/brunnsvatten.sgs.com\\\/#website\",\"url\":\"https:\\\/\\\/brunnsvatten.sgs.com\\\/\",\"name\":\"Brunnsvatten: SGS Webbshop\",\"description\":\"Vatten \u00e4r ett av v\u00e5ra viktigaste livsmedel och vi p\u00e5 SGS vill g\u00f6ra det tryggt f\u00f6r alla att dricka sitt vatten.\",\"publisher\":{\"@id\":\"https:\\\/\\\/brunnsvatten.sgs.com\\\/#organization\"},\"alternateName\":\"Brunnsvatten\",\"potentialAction\":[{\"@type\":\"SearchAction\",\"target\":{\"@type\":\"EntryPoint\",\"urlTemplate\":\"https:\\\/\\\/brunnsvatten.sgs.com\\\/?s={search_term_string}\"},\"query-input\":{\"@type\":\"PropertyValueSpecification\",\"valueRequired\":true,\"valueName\":\"search_term_string\"}}],\"inLanguage\":\"sv-SE\"},{\"@type\":\"Organization\",\"@id\":\"https:\\\/\\\/brunnsvatten.sgs.com\\\/#organization\",\"name\":\"SGS Analytics Sweden AB\",\"url\":\"https:\\\/\\\/brunnsvatten.sgs.com\\\/\",\"logo\":{\"@type\":\"ImageObject\",\"inLanguage\":\"sv-SE\",\"@id\":\"https:\\\/\\\/brunnsvatten.sgs.com\\\/#\\\/schema\\\/logo\\\/image\\\/\",\"url\":\"https:\\\/\\\/brunnsvatten.sgs.com\\\/wp-content\\\/uploads\\\/2023\\\/10\\\/SGS_brunnsvatten.png\",\"contentUrl\":\"https:\\\/\\\/brunnsvatten.sgs.com\\\/wp-content\\\/uploads\\\/2023\\\/10\\\/SGS_brunnsvatten.png\",\"width\":651,\"height\":78,\"caption\":\"SGS Analytics Sweden AB\"},\"image\":{\"@id\":\"https:\\\/\\\/brunnsvatten.sgs.com\\\/#\\\/schema\\\/logo\\\/image\\\/\"},\"sameAs\":[\"https:\\\/\\\/www.facebook.com\\\/Brunnsvatten\"]}]}<\/script>\r\n<!-- \/ Yoast SEO plugin. -->","yoast_head_json":{"title":"PFAS22","robots":{"index":"index","follow":"follow","max-snippet":"max-snippet:-1","max-image-preview":"max-image-preview:large","max-video-preview":"max-video-preview:-1"},"canonical":"https:\/\/brunnsvatten.sgs.com\/index.php\/produkt\/pfas22\/","og_locale":"sv_SE","og_type":"article","og_title":"PFAS22","og_description":"PFAS \u00e4r ett samlingsnamn f\u00f6r \u00f6ver 4700 olika \u00e4mnen. De kallas \u00e4ven, per- och polyfluorerade \u00e4mnen, och h\u00f6gfluorerade \u00e4mnen. PFAS \u00e5terfinns i produkter d\u00e4r \u00e4mnets funktion ska st\u00f6ta bort, tex vatten, fett eller smuts. Stekpannor, matf\u00f6rpackningar, brandskum etc. \u00e4r produkter de kan \u00e5terfinnas i. PFAS fr\u00e5n brandskum har hittats i flera vattent\u00e4kter i Sverige. PFAS \u00e4r extremt sv\u00e5rnedbrytbart och idag finns inte heller n\u00e5gra effektiva reningsmetoder.  PFAS analys rekommenderas n\u00e4r man har en brunn som ligger i avrinningsomr\u00e5det av en brand\u00f6vningsplats, flygplats eller liknande och man misst\u00e4nker att det har p\u00e5verkat brunnsvattenkvaliteten. Tidigare eller nuvarande anv\u00e4ndning av sl\u00e4ckskum (AFFF) \u00e4r en av de st\u00f6rsta k\u00e4llorna till lokal PFAA-f\u00f6rorening av mark och vatten. AFFF har anv\u00e4nts i stor skala p\u00e5 brand\u00f6vningsplatser p\u00e5 flygplatser, milit\u00e4ra anl\u00e4ggningar och industriella och kommunala r\u00e4ddningstj\u00e4nster. Tv\u00e5 av de historiskt mest anv\u00e4nda PFAS i AFFF \u00e4r PFOS och PFOA.  Perfluoreradef\u00f6roreningar fr\u00e5n brand\u00f6vning har i flera fall n\u00e5tt grundvatten och ytvattent\u00e4kter vilket har orsakat hel eller delvis st\u00e4ngning av vattenverk och brunnar. Om en dricksvattenanl\u00e4ggning \u00e4r, eller misst\u00e4nkt kunna vara, p\u00e5verkad av PFAA b\u00f6r halterna i dricksvattnet unders\u00f6kas, enligt rekommendationer fr\u00e5n Livsmedelsverket. SGS rekommenderar alltid trygghetspaketet som komplement f\u00f6r att f\u00e5 en mer komplett kunskap om vattnets kvalitet.  I\u00a0priset ing\u00e5r analys, provmaterial, provberedning och utskick av material.","og_url":"https:\/\/brunnsvatten.sgs.com\/index.php\/produkt\/pfas22\/","og_site_name":"Brunnsvatten","article_publisher":"https:\/\/www.facebook.com\/Brunnsvatten","article_modified_time":"2026-01-23T08:22:17+00:00","og_image":[{"width":524,"height":392,"url":"https:\/\/brunnsvatten.sgs.com\/wp-content\/uploads\/2023\/10\/pfas.jpg","type":"image\/jpeg"}],"twitter_card":"summary_large_image","twitter_misc":{"Ber\u00e4knad l\u00e4stid":"1 minut"},"schema":{"@context":"https:\/\/schema.org","@graph":[{"@type":"WebPage","@id":"https:\/\/brunnsvatten.sgs.com\/index.php\/produkt\/pfas22\/","url":"https:\/\/brunnsvatten.sgs.com\/index.php\/produkt\/pfas22\/","name":"PFAS22","isPartOf":{"@id":"https:\/\/brunnsvatten.sgs.com\/#website"},"primaryImageOfPage":{"@id":"https:\/\/brunnsvatten.sgs.com\/index.php\/produkt\/pfas22\/#primaryimage"},"image":{"@id":"https:\/\/brunnsvatten.sgs.com\/index.php\/produkt\/pfas22\/#primaryimage"},"thumbnailUrl":"https:\/\/brunnsvatten.sgs.com\/wp-content\/uploads\/2023\/10\/pfas.jpg","datePublished":"2023-10-06T07:33:34+00:00","dateModified":"2026-01-23T08:22:17+00:00","breadcrumb":{"@id":"https:\/\/brunnsvatten.sgs.com\/index.php\/produkt\/pfas22\/#breadcrumb"},"inLanguage":"sv-SE","potentialAction":[{"@type":"ReadAction","target":["https:\/\/brunnsvatten.sgs.com\/index.php\/produkt\/pfas22\/"]}]},{"@type":"ImageObject","inLanguage":"sv-SE","@id":"https:\/\/brunnsvatten.sgs.com\/index.php\/produkt\/pfas22\/#primaryimage","url":"https:\/\/brunnsvatten.sgs.com\/wp-content\/uploads\/2023\/10\/pfas.jpg","contentUrl":"https:\/\/brunnsvatten.sgs.com\/wp-content\/uploads\/2023\/10\/pfas.jpg","width":524,"height":392},{"@type":"BreadcrumbList","@id":"https:\/\/brunnsvatten.sgs.com\/index.php\/produkt\/pfas22\/#breadcrumb","itemListElement":[{"@type":"ListItem","position":1,"name":"Home","item":"https:\/\/brunnsvatten.sgs.com\/"},{"@type":"ListItem","position":2,"name":"Shop","item":"https:\/\/brunnsvatten.sgs.com\/"},{"@type":"ListItem","position":3,"name":"PFAS22"}]},{"@type":"WebSite","@id":"https:\/\/brunnsvatten.sgs.com\/#website","url":"https:\/\/brunnsvatten.sgs.com\/","name":"Brunnsvatten: SGS Webbshop","description":"Vatten \u00e4r ett av v\u00e5ra viktigaste livsmedel och vi p\u00e5 SGS vill g\u00f6ra det tryggt f\u00f6r alla att dricka sitt vatten.","publisher":{"@id":"https:\/\/brunnsvatten.sgs.com\/#organization"},"alternateName":"Brunnsvatten","potentialAction":[{"@type":"SearchAction","target":{"@type":"EntryPoint","urlTemplate":"https:\/\/brunnsvatten.sgs.com\/?s={search_term_string}"},"query-input":{"@type":"PropertyValueSpecification","valueRequired":true,"valueName":"search_term_string"}}],"inLanguage":"sv-SE"},{"@type":"Organization","@id":"https:\/\/brunnsvatten.sgs.com\/#organization","name":"SGS Analytics Sweden AB","url":"https:\/\/brunnsvatten.sgs.com\/","logo":{"@type":"ImageObject","inLanguage":"sv-SE","@id":"https:\/\/brunnsvatten.sgs.com\/#\/schema\/logo\/image\/","url":"https:\/\/brunnsvatten.sgs.com\/wp-content\/uploads\/2023\/10\/SGS_brunnsvatten.png","contentUrl":"https:\/\/brunnsvatten.sgs.com\/wp-content\/uploads\/2023\/10\/SGS_brunnsvatten.png","width":651,"height":78,"caption":"SGS Analytics Sweden AB"},"image":{"@id":"https:\/\/brunnsvatten.sgs.com\/#\/schema\/logo\/image\/"},"sameAs":["https:\/\/www.facebook.com\/Brunnsvatten"]}]}},"_links":{"self":[{"href":"https:\/\/brunnsvatten.sgs.com\/index.php\/wp-json\/wp\/v2\/product\/65","targetHints":{"allow":["GET"]}}],"collection":[{"href":"https:\/\/brunnsvatten.sgs.com\/index.php\/wp-json\/wp\/v2\/product"}],"about":[{"href":"https:\/\/brunnsvatten.sgs.com\/index.php\/wp-json\/wp\/v2\/types\/product"}],"wp:featuredmedia":[{"embeddable":true,"href":"https:\/\/brunnsvatten.sgs.com\/index.php\/wp-json\/wp\/v2\/media\/66"}],"wp:attachment":[{"href":"https:\/\/brunnsvatten.sgs.com\/index.php\/wp-json\/wp\/v2\/media?parent=65"}],"wp:term":[{"taxonomy":"product_brand","embeddable":true,"href":"https:\/\/brunnsvatten.sgs.com\/index.php\/wp-json\/wp\/v2\/product_brand?post=65"},{"taxonomy":"product_cat","embeddable":true,"href":"https:\/\/brunnsvatten.sgs.com\/index.php\/wp-json\/wp\/v2\/product_cat?post=65"},{"taxonomy":"product_tag","embeddable":true,"href":"https:\/\/brunnsvatten.sgs.com\/index.php\/wp-json\/wp\/v2\/product_tag?post=65"}],"curies":[{"name":"wp","href":"https:\/\/api.w.org\/{rel}","templated":true}]}}