{"id":76,"date":"2023-10-06T09:39:54","date_gmt":"2023-10-06T07:39:54","guid":{"rendered":"https:\/\/localhost:99\/?post_type=product&#038;p=76"},"modified":"2026-01-23T09:19:11","modified_gmt":"2026-01-23T08:19:11","slug":"kemisk-normalkontroll","status":"publish","type":"product","link":"https:\/\/brunnsvatten.sgs.com\/index.php\/produkt\/kemisk-normalkontroll\/","title":{"rendered":"Kemisk normalkontroll"},"content":{"rendered":"<h2><strong>Analysomfattning:<\/strong><\/h2>\n<h3><strong>Fysikaliska\/kemiska analyser:<\/strong><\/h3>\n<ul>\n<li>COD(Mn)<\/li>\n<li>Konduktivitet<\/li>\n<li>pH<\/li>\n<li>Alkalinitet<\/li>\n<li>Turbiditet<\/li>\n<li>F\u00e4rg<\/li>\n<li>Lukt<\/li>\n<\/ul>\n<h3><strong>Anjoner:<\/strong><\/h3>\n<ul>\n<li>Fluorid<\/li>\n<li>Nitratkv\u00e4ve<\/li>\n<li>Nitrat<\/li>\n<li>Klorid<\/li>\n<li>Sulfat<\/li>\n<\/ul>\n<h3><strong>N\u00e4rsalter:<\/strong><\/h3>\n<ul>\n<li>Ammoniumkv\u00e4ve<\/li>\n<li>Ammonium<\/li>\n<li>Nitritkv\u00e4ve<\/li>\n<li>Nitrit<\/li>\n<li>Fosfat<\/li>\n<li>Fosfatfosfor<\/li>\n<\/ul>\n<h3><strong>Metaller:<\/strong><\/h3>\n<ul>\n<li>J\u00e4rn<\/li>\n<li>Kalcium<\/li>\n<li>Kalium<\/li>\n<li>Koppar<\/li>\n<li>Magnesium<\/li>\n<li>Mangan<\/li>\n<li>Natrium<\/li>\n<li>H\u00e5rdhet (total)<\/li>\n<\/ul>\n","protected":false},"excerpt":{"rendered":"<p>Kemisk normalkontroll rekommenderas som komplement till ordinarie provtagning eller vid misstanke om f\u00f6rorening. I den kemisk normalkontrollen ing\u00e5r unders\u00f6kning av de kemiska och fysikaliska egenskaperna p\u00e5 vattnet.\u00a0 Det ger svar p\u00e5 om vattnet inneh\u00e5ller \u00e4mnen som p\u00e5 l\u00e4ngre sikt kan p\u00e5verka h\u00e4lsan t.ex. njurar, skelett och t\u00e4nder. Det ger ocks\u00e5 svar p\u00e5 hur aggressivt det \u00e4r mot ledningar, armatur och vitvaror. Det ger i kombination med mikrobiologisk normalkontroll en tydligare bild p\u00e5 om brunnen \u00e4r t\u00e4t.<\/p>\n<p>SGS rekommenderar alltid trygghetspaketet, d\u00e4r kemisk normalkontroll ing\u00e5r, f\u00f6r att f\u00e5 en mer komplett kunskap om vattnets kvalitet.<\/p>\n<p><strong>I priset ing\u00e5r analys, provmaterial, provberedning och utskick av material.<\/strong><\/p>\n","protected":false},"featured_media":77,"template":"","meta":[],"product_brand":[],"product_cat":[20],"product_tag":[],"class_list":{"0":"post-76","1":"product","2":"type-product","3":"status-publish","4":"has-post-thumbnail","6":"product_cat-analyser","8":"first","9":"instock","10":"taxable","11":"shipping-taxable","12":"purchasable","13":"product-type-simple"},"yoast_head":"<!-- This site is optimized with the Yoast SEO plugin v27.3 - https:\/\/yoast.com\/product\/yoast-seo-wordpress\/ -->\r\n<title>Kemisk normalkontroll<\/title>\r\n<meta name=\"robots\" content=\"index, follow, max-snippet:-1, max-image-preview:large, max-video-preview:-1\" \/>\r\n<link rel=\"canonical\" href=\"https:\/\/brunnsvatten.sgs.com\/index.php\/produkt\/kemisk-normalkontroll\/\" \/>\r\n<meta property=\"og:locale\" content=\"sv_SE\" \/>\r\n<meta property=\"og:type\" content=\"article\" \/>\r\n<meta property=\"og:title\" content=\"Kemisk normalkontroll\" \/>\r\n<meta property=\"og:description\" content=\"Kemisk normalkontroll rekommenderas som komplement till ordinarie provtagning eller vid misstanke om f\u00f6rorening. I den kemisk normalkontrollen ing\u00e5r unders\u00f6kning av de kemiska och fysikaliska egenskaperna p\u00e5 vattnet.\u00a0 Det ger svar p\u00e5 om vattnet inneh\u00e5ller \u00e4mnen som p\u00e5 l\u00e4ngre sikt kan p\u00e5verka h\u00e4lsan t.ex. njurar, skelett och t\u00e4nder. Det ger ocks\u00e5 svar p\u00e5 hur aggressivt det \u00e4r mot ledningar, armatur och vitvaror. Det ger i kombination med mikrobiologisk normalkontroll en tydligare bild p\u00e5 om brunnen \u00e4r t\u00e4t.  SGS rekommenderar alltid trygghetspaketet, d\u00e4r kemisk normalkontroll ing\u00e5r, f\u00f6r att f\u00e5 en mer komplett kunskap om vattnets kvalitet.  I priset ing\u00e5r analys, provmaterial, provberedning och utskick av material.\" \/>\r\n<meta property=\"og:url\" content=\"https:\/\/brunnsvatten.sgs.com\/index.php\/produkt\/kemisk-normalkontroll\/\" \/>\r\n<meta property=\"og:site_name\" content=\"Brunnsvatten\" \/>\r\n<meta property=\"article:publisher\" content=\"https:\/\/www.facebook.com\/Brunnsvatten\" \/>\r\n<meta property=\"article:modified_time\" content=\"2026-01-23T08:19:11+00:00\" \/>\r\n<meta property=\"og:image\" content=\"https:\/\/brunnsvatten.sgs.com\/wp-content\/uploads\/2023\/10\/kemisknormalkontroll.jpg\" \/>\r\n\t<meta property=\"og:image:width\" content=\"524\" \/>\r\n\t<meta property=\"og:image:height\" content=\"392\" \/>\r\n\t<meta property=\"og:image:type\" content=\"image\/jpeg\" \/>\r\n<meta name=\"twitter:card\" content=\"summary_large_image\" \/>\r\n<meta name=\"twitter:label1\" content=\"Ber\u00e4knad l\u00e4stid\" \/>\n\t<meta name=\"twitter:data1\" content=\"1 minut\" \/>\r\n<script type=\"application\/ld+json\" class=\"yoast-schema-graph\">{\"@context\":\"https:\\\/\\\/schema.org\",\"@graph\":[{\"@type\":\"WebPage\",\"@id\":\"https:\\\/\\\/brunnsvatten.sgs.com\\\/index.php\\\/produkt\\\/kemisk-normalkontroll\\\/\",\"url\":\"https:\\\/\\\/brunnsvatten.sgs.com\\\/index.php\\\/produkt\\\/kemisk-normalkontroll\\\/\",\"name\":\"Kemisk normalkontroll\",\"isPartOf\":{\"@id\":\"https:\\\/\\\/brunnsvatten.sgs.com\\\/#website\"},\"primaryImageOfPage\":{\"@id\":\"https:\\\/\\\/brunnsvatten.sgs.com\\\/index.php\\\/produkt\\\/kemisk-normalkontroll\\\/#primaryimage\"},\"image\":{\"@id\":\"https:\\\/\\\/brunnsvatten.sgs.com\\\/index.php\\\/produkt\\\/kemisk-normalkontroll\\\/#primaryimage\"},\"thumbnailUrl\":\"https:\\\/\\\/brunnsvatten.sgs.com\\\/wp-content\\\/uploads\\\/2023\\\/10\\\/kemisknormalkontroll.jpg\",\"datePublished\":\"2023-10-06T07:39:54+00:00\",\"dateModified\":\"2026-01-23T08:19:11+00:00\",\"breadcrumb\":{\"@id\":\"https:\\\/\\\/brunnsvatten.sgs.com\\\/index.php\\\/produkt\\\/kemisk-normalkontroll\\\/#breadcrumb\"},\"inLanguage\":\"sv-SE\",\"potentialAction\":[{\"@type\":\"ReadAction\",\"target\":[\"https:\\\/\\\/brunnsvatten.sgs.com\\\/index.php\\\/produkt\\\/kemisk-normalkontroll\\\/\"]}]},{\"@type\":\"ImageObject\",\"inLanguage\":\"sv-SE\",\"@id\":\"https:\\\/\\\/brunnsvatten.sgs.com\\\/index.php\\\/produkt\\\/kemisk-normalkontroll\\\/#primaryimage\",\"url\":\"https:\\\/\\\/brunnsvatten.sgs.com\\\/wp-content\\\/uploads\\\/2023\\\/10\\\/kemisknormalkontroll.jpg\",\"contentUrl\":\"https:\\\/\\\/brunnsvatten.sgs.com\\\/wp-content\\\/uploads\\\/2023\\\/10\\\/kemisknormalkontroll.jpg\",\"width\":524,\"height\":392},{\"@type\":\"BreadcrumbList\",\"@id\":\"https:\\\/\\\/brunnsvatten.sgs.com\\\/index.php\\\/produkt\\\/kemisk-normalkontroll\\\/#breadcrumb\",\"itemListElement\":[{\"@type\":\"ListItem\",\"position\":1,\"name\":\"Home\",\"item\":\"https:\\\/\\\/brunnsvatten.sgs.com\\\/\"},{\"@type\":\"ListItem\",\"position\":2,\"name\":\"Shop\",\"item\":\"https:\\\/\\\/brunnsvatten.sgs.com\\\/\"},{\"@type\":\"ListItem\",\"position\":3,\"name\":\"Kemisk normalkontroll\"}]},{\"@type\":\"WebSite\",\"@id\":\"https:\\\/\\\/brunnsvatten.sgs.com\\\/#website\",\"url\":\"https:\\\/\\\/brunnsvatten.sgs.com\\\/\",\"name\":\"Brunnsvatten: SGS Webbshop\",\"description\":\"Vatten \u00e4r ett av v\u00e5ra viktigaste livsmedel och vi p\u00e5 SGS vill g\u00f6ra det tryggt f\u00f6r alla att dricka sitt vatten.\",\"publisher\":{\"@id\":\"https:\\\/\\\/brunnsvatten.sgs.com\\\/#organization\"},\"alternateName\":\"Brunnsvatten\",\"potentialAction\":[{\"@type\":\"SearchAction\",\"target\":{\"@type\":\"EntryPoint\",\"urlTemplate\":\"https:\\\/\\\/brunnsvatten.sgs.com\\\/?s={search_term_string}\"},\"query-input\":{\"@type\":\"PropertyValueSpecification\",\"valueRequired\":true,\"valueName\":\"search_term_string\"}}],\"inLanguage\":\"sv-SE\"},{\"@type\":\"Organization\",\"@id\":\"https:\\\/\\\/brunnsvatten.sgs.com\\\/#organization\",\"name\":\"SGS Analytics Sweden AB\",\"url\":\"https:\\\/\\\/brunnsvatten.sgs.com\\\/\",\"logo\":{\"@type\":\"ImageObject\",\"inLanguage\":\"sv-SE\",\"@id\":\"https:\\\/\\\/brunnsvatten.sgs.com\\\/#\\\/schema\\\/logo\\\/image\\\/\",\"url\":\"https:\\\/\\\/brunnsvatten.sgs.com\\\/wp-content\\\/uploads\\\/2023\\\/10\\\/SGS_brunnsvatten.png\",\"contentUrl\":\"https:\\\/\\\/brunnsvatten.sgs.com\\\/wp-content\\\/uploads\\\/2023\\\/10\\\/SGS_brunnsvatten.png\",\"width\":651,\"height\":78,\"caption\":\"SGS Analytics Sweden AB\"},\"image\":{\"@id\":\"https:\\\/\\\/brunnsvatten.sgs.com\\\/#\\\/schema\\\/logo\\\/image\\\/\"},\"sameAs\":[\"https:\\\/\\\/www.facebook.com\\\/Brunnsvatten\"]}]}<\/script>\r\n<!-- \/ Yoast SEO plugin. -->","yoast_head_json":{"title":"Kemisk normalkontroll","robots":{"index":"index","follow":"follow","max-snippet":"max-snippet:-1","max-image-preview":"max-image-preview:large","max-video-preview":"max-video-preview:-1"},"canonical":"https:\/\/brunnsvatten.sgs.com\/index.php\/produkt\/kemisk-normalkontroll\/","og_locale":"sv_SE","og_type":"article","og_title":"Kemisk normalkontroll","og_description":"Kemisk normalkontroll rekommenderas som komplement till ordinarie provtagning eller vid misstanke om f\u00f6rorening. I den kemisk normalkontrollen ing\u00e5r unders\u00f6kning av de kemiska och fysikaliska egenskaperna p\u00e5 vattnet.\u00a0 Det ger svar p\u00e5 om vattnet inneh\u00e5ller \u00e4mnen som p\u00e5 l\u00e4ngre sikt kan p\u00e5verka h\u00e4lsan t.ex. njurar, skelett och t\u00e4nder. Det ger ocks\u00e5 svar p\u00e5 hur aggressivt det \u00e4r mot ledningar, armatur och vitvaror. Det ger i kombination med mikrobiologisk normalkontroll en tydligare bild p\u00e5 om brunnen \u00e4r t\u00e4t.  SGS rekommenderar alltid trygghetspaketet, d\u00e4r kemisk normalkontroll ing\u00e5r, f\u00f6r att f\u00e5 en mer komplett kunskap om vattnets kvalitet.  I priset ing\u00e5r analys, provmaterial, provberedning och utskick av material.","og_url":"https:\/\/brunnsvatten.sgs.com\/index.php\/produkt\/kemisk-normalkontroll\/","og_site_name":"Brunnsvatten","article_publisher":"https:\/\/www.facebook.com\/Brunnsvatten","article_modified_time":"2026-01-23T08:19:11+00:00","og_image":[{"width":524,"height":392,"url":"https:\/\/brunnsvatten.sgs.com\/wp-content\/uploads\/2023\/10\/kemisknormalkontroll.jpg","type":"image\/jpeg"}],"twitter_card":"summary_large_image","twitter_misc":{"Ber\u00e4knad l\u00e4stid":"1 minut"},"schema":{"@context":"https:\/\/schema.org","@graph":[{"@type":"WebPage","@id":"https:\/\/brunnsvatten.sgs.com\/index.php\/produkt\/kemisk-normalkontroll\/","url":"https:\/\/brunnsvatten.sgs.com\/index.php\/produkt\/kemisk-normalkontroll\/","name":"Kemisk normalkontroll","isPartOf":{"@id":"https:\/\/brunnsvatten.sgs.com\/#website"},"primaryImageOfPage":{"@id":"https:\/\/brunnsvatten.sgs.com\/index.php\/produkt\/kemisk-normalkontroll\/#primaryimage"},"image":{"@id":"https:\/\/brunnsvatten.sgs.com\/index.php\/produkt\/kemisk-normalkontroll\/#primaryimage"},"thumbnailUrl":"https:\/\/brunnsvatten.sgs.com\/wp-content\/uploads\/2023\/10\/kemisknormalkontroll.jpg","datePublished":"2023-10-06T07:39:54+00:00","dateModified":"2026-01-23T08:19:11+00:00","breadcrumb":{"@id":"https:\/\/brunnsvatten.sgs.com\/index.php\/produkt\/kemisk-normalkontroll\/#breadcrumb"},"inLanguage":"sv-SE","potentialAction":[{"@type":"ReadAction","target":["https:\/\/brunnsvatten.sgs.com\/index.php\/produkt\/kemisk-normalkontroll\/"]}]},{"@type":"ImageObject","inLanguage":"sv-SE","@id":"https:\/\/brunnsvatten.sgs.com\/index.php\/produkt\/kemisk-normalkontroll\/#primaryimage","url":"https:\/\/brunnsvatten.sgs.com\/wp-content\/uploads\/2023\/10\/kemisknormalkontroll.jpg","contentUrl":"https:\/\/brunnsvatten.sgs.com\/wp-content\/uploads\/2023\/10\/kemisknormalkontroll.jpg","width":524,"height":392},{"@type":"BreadcrumbList","@id":"https:\/\/brunnsvatten.sgs.com\/index.php\/produkt\/kemisk-normalkontroll\/#breadcrumb","itemListElement":[{"@type":"ListItem","position":1,"name":"Home","item":"https:\/\/brunnsvatten.sgs.com\/"},{"@type":"ListItem","position":2,"name":"Shop","item":"https:\/\/brunnsvatten.sgs.com\/"},{"@type":"ListItem","position":3,"name":"Kemisk normalkontroll"}]},{"@type":"WebSite","@id":"https:\/\/brunnsvatten.sgs.com\/#website","url":"https:\/\/brunnsvatten.sgs.com\/","name":"Brunnsvatten: SGS Webbshop","description":"Vatten \u00e4r ett av v\u00e5ra viktigaste livsmedel och vi p\u00e5 SGS vill g\u00f6ra det tryggt f\u00f6r alla att dricka sitt vatten.","publisher":{"@id":"https:\/\/brunnsvatten.sgs.com\/#organization"},"alternateName":"Brunnsvatten","potentialAction":[{"@type":"SearchAction","target":{"@type":"EntryPoint","urlTemplate":"https:\/\/brunnsvatten.sgs.com\/?s={search_term_string}"},"query-input":{"@type":"PropertyValueSpecification","valueRequired":true,"valueName":"search_term_string"}}],"inLanguage":"sv-SE"},{"@type":"Organization","@id":"https:\/\/brunnsvatten.sgs.com\/#organization","name":"SGS Analytics Sweden AB","url":"https:\/\/brunnsvatten.sgs.com\/","logo":{"@type":"ImageObject","inLanguage":"sv-SE","@id":"https:\/\/brunnsvatten.sgs.com\/#\/schema\/logo\/image\/","url":"https:\/\/brunnsvatten.sgs.com\/wp-content\/uploads\/2023\/10\/SGS_brunnsvatten.png","contentUrl":"https:\/\/brunnsvatten.sgs.com\/wp-content\/uploads\/2023\/10\/SGS_brunnsvatten.png","width":651,"height":78,"caption":"SGS Analytics Sweden AB"},"image":{"@id":"https:\/\/brunnsvatten.sgs.com\/#\/schema\/logo\/image\/"},"sameAs":["https:\/\/www.facebook.com\/Brunnsvatten"]}]}},"_links":{"self":[{"href":"https:\/\/brunnsvatten.sgs.com\/index.php\/wp-json\/wp\/v2\/product\/76","targetHints":{"allow":["GET"]}}],"collection":[{"href":"https:\/\/brunnsvatten.sgs.com\/index.php\/wp-json\/wp\/v2\/product"}],"about":[{"href":"https:\/\/brunnsvatten.sgs.com\/index.php\/wp-json\/wp\/v2\/types\/product"}],"wp:featuredmedia":[{"embeddable":true,"href":"https:\/\/brunnsvatten.sgs.com\/index.php\/wp-json\/wp\/v2\/media\/77"}],"wp:attachment":[{"href":"https:\/\/brunnsvatten.sgs.com\/index.php\/wp-json\/wp\/v2\/media?parent=76"}],"wp:term":[{"taxonomy":"product_brand","embeddable":true,"href":"https:\/\/brunnsvatten.sgs.com\/index.php\/wp-json\/wp\/v2\/product_brand?post=76"},{"taxonomy":"product_cat","embeddable":true,"href":"https:\/\/brunnsvatten.sgs.com\/index.php\/wp-json\/wp\/v2\/product_cat?post=76"},{"taxonomy":"product_tag","embeddable":true,"href":"https:\/\/brunnsvatten.sgs.com\/index.php\/wp-json\/wp\/v2\/product_tag?post=76"}],"curies":[{"name":"wp","href":"https:\/\/api.w.org\/{rel}","templated":true}]}}