{"id":79,"date":"2023-10-06T09:41:25","date_gmt":"2023-10-06T07:41:25","guid":{"rendered":"https:\/\/localhost:99\/?post_type=product&#038;p=79"},"modified":"2026-01-23T09:18:23","modified_gmt":"2026-01-23T08:18:23","slug":"mikrobiologisk-normalkontroll","status":"publish","type":"product","link":"https:\/\/brunnsvatten.sgs.com\/index.php\/produkt\/mikrobiologisk-normalkontroll\/","title":{"rendered":"Mikrobiologisk normalkontroll"},"content":{"rendered":"<h2><strong>Analysomfattning:<\/strong><\/h2>\n<ul>\n<li>Odlingsbara mikroorganismer vid 22\u00b0C, 3 dygn<\/li>\n<li>Escherichia coli<\/li>\n<li>Koliforma bakterier<\/li>\n<\/ul>\n","protected":false},"excerpt":{"rendered":"<p>Mikrobiologisk normalkontroll rekommenderas som uppf\u00f6ljning mellan provtagningarna av trygghetspaketet, som b\u00f6r ske vart tredje \u00e5r. Det \u00e4r inte ovanligt med ot\u00e4ta brunnar vilket g\u00f6r att\u00a0 ytvatten kontaminerat fr\u00e5n n\u00e4rliggande avlopp eller g\u00f6dsel kan f\u00f6ra in bakterier i brunnen. Det finns d\u00e5 en \u00f6verh\u00e4ngande risk f\u00f6r f\u00f6rekomst av sjukdomsframkallande organismer, vilket kan orsaka magsjuka, speciellt hos k\u00e4nsliga individer. Analys av E.coli och Koliforma bakterier svarar p\u00e5 om s\u00e5dana problem f\u00f6rekommer. Analysen av Odlingsbara mikroorganismer kompletterar bilden ytterligare av f\u00f6roreningar fr\u00e5n vatten eller jord.<\/p>\n<p>SGS rekommenderar alltid trygghetspaketet, d\u00e4r mikrobiologisk normalkontroll ing\u00e5r,\u00a0 f\u00f6r att f\u00e5 en mer komplett kunskap om vattnets kvalitet.<\/p>\n<p><strong>I priset ing\u00e5r analys, provmaterial, provberedning och utskick av material.<\/strong><\/p>\n","protected":false},"featured_media":80,"template":"","meta":[],"product_brand":[],"product_cat":[20],"product_tag":[],"class_list":{"0":"post-79","1":"product","2":"type-product","3":"status-publish","4":"has-post-thumbnail","6":"product_cat-analyser","8":"first","9":"instock","10":"taxable","11":"shipping-taxable","12":"purchasable","13":"product-type-simple"},"yoast_head":"<!-- This site is optimized with the Yoast SEO plugin v27.3 - https:\/\/yoast.com\/product\/yoast-seo-wordpress\/ -->\r\n<title>Mikrobiologisk normalkontroll<\/title>\r\n<meta name=\"robots\" content=\"index, follow, max-snippet:-1, max-image-preview:large, max-video-preview:-1\" \/>\r\n<link rel=\"canonical\" href=\"https:\/\/brunnsvatten.sgs.com\/index.php\/produkt\/mikrobiologisk-normalkontroll\/\" \/>\r\n<meta property=\"og:locale\" content=\"sv_SE\" \/>\r\n<meta property=\"og:type\" content=\"article\" \/>\r\n<meta property=\"og:title\" content=\"Mikrobiologisk normalkontroll\" \/>\r\n<meta property=\"og:description\" content=\"Mikrobiologisk normalkontroll rekommenderas som uppf\u00f6ljning mellan provtagningarna av trygghetspaketet, som b\u00f6r ske vart tredje \u00e5r. Det \u00e4r inte ovanligt med ot\u00e4ta brunnar vilket g\u00f6r att\u00a0 ytvatten kontaminerat fr\u00e5n n\u00e4rliggande avlopp eller g\u00f6dsel kan f\u00f6ra in bakterier i brunnen. Det finns d\u00e5 en \u00f6verh\u00e4ngande risk f\u00f6r f\u00f6rekomst av sjukdomsframkallande organismer, vilket kan orsaka magsjuka, speciellt hos k\u00e4nsliga individer. Analys av E.coli och Koliforma bakterier svarar p\u00e5 om s\u00e5dana problem f\u00f6rekommer. Analysen av Odlingsbara mikroorganismer kompletterar bilden ytterligare av f\u00f6roreningar fr\u00e5n vatten eller jord.  SGS rekommenderar alltid trygghetspaketet, d\u00e4r mikrobiologisk normalkontroll ing\u00e5r,\u00a0 f\u00f6r att f\u00e5 en mer komplett kunskap om vattnets kvalitet.  I priset ing\u00e5r analys, provmaterial, provberedning och utskick av material.\" \/>\r\n<meta property=\"og:url\" content=\"https:\/\/brunnsvatten.sgs.com\/index.php\/produkt\/mikrobiologisk-normalkontroll\/\" \/>\r\n<meta property=\"og:site_name\" content=\"Brunnsvatten\" \/>\r\n<meta property=\"article:publisher\" content=\"https:\/\/www.facebook.com\/Brunnsvatten\" \/>\r\n<meta property=\"article:modified_time\" content=\"2026-01-23T08:18:23+00:00\" \/>\r\n<meta property=\"og:image\" content=\"https:\/\/brunnsvatten.sgs.com\/wp-content\/uploads\/2023\/10\/mikrobiologisknormalkontroll.jpg\" \/>\r\n\t<meta property=\"og:image:width\" content=\"524\" \/>\r\n\t<meta property=\"og:image:height\" content=\"392\" \/>\r\n\t<meta property=\"og:image:type\" content=\"image\/jpeg\" \/>\r\n<meta name=\"twitter:card\" content=\"summary_large_image\" \/>\r\n<script type=\"application\/ld+json\" class=\"yoast-schema-graph\">{\"@context\":\"https:\\\/\\\/schema.org\",\"@graph\":[{\"@type\":\"WebPage\",\"@id\":\"https:\\\/\\\/brunnsvatten.sgs.com\\\/index.php\\\/produkt\\\/mikrobiologisk-normalkontroll\\\/\",\"url\":\"https:\\\/\\\/brunnsvatten.sgs.com\\\/index.php\\\/produkt\\\/mikrobiologisk-normalkontroll\\\/\",\"name\":\"Mikrobiologisk normalkontroll\",\"isPartOf\":{\"@id\":\"https:\\\/\\\/brunnsvatten.sgs.com\\\/#website\"},\"primaryImageOfPage\":{\"@id\":\"https:\\\/\\\/brunnsvatten.sgs.com\\\/index.php\\\/produkt\\\/mikrobiologisk-normalkontroll\\\/#primaryimage\"},\"image\":{\"@id\":\"https:\\\/\\\/brunnsvatten.sgs.com\\\/index.php\\\/produkt\\\/mikrobiologisk-normalkontroll\\\/#primaryimage\"},\"thumbnailUrl\":\"https:\\\/\\\/brunnsvatten.sgs.com\\\/wp-content\\\/uploads\\\/2023\\\/10\\\/mikrobiologisknormalkontroll.jpg\",\"datePublished\":\"2023-10-06T07:41:25+00:00\",\"dateModified\":\"2026-01-23T08:18:23+00:00\",\"breadcrumb\":{\"@id\":\"https:\\\/\\\/brunnsvatten.sgs.com\\\/index.php\\\/produkt\\\/mikrobiologisk-normalkontroll\\\/#breadcrumb\"},\"inLanguage\":\"sv-SE\",\"potentialAction\":[{\"@type\":\"ReadAction\",\"target\":[\"https:\\\/\\\/brunnsvatten.sgs.com\\\/index.php\\\/produkt\\\/mikrobiologisk-normalkontroll\\\/\"]}]},{\"@type\":\"ImageObject\",\"inLanguage\":\"sv-SE\",\"@id\":\"https:\\\/\\\/brunnsvatten.sgs.com\\\/index.php\\\/produkt\\\/mikrobiologisk-normalkontroll\\\/#primaryimage\",\"url\":\"https:\\\/\\\/brunnsvatten.sgs.com\\\/wp-content\\\/uploads\\\/2023\\\/10\\\/mikrobiologisknormalkontroll.jpg\",\"contentUrl\":\"https:\\\/\\\/brunnsvatten.sgs.com\\\/wp-content\\\/uploads\\\/2023\\\/10\\\/mikrobiologisknormalkontroll.jpg\",\"width\":524,\"height\":392},{\"@type\":\"BreadcrumbList\",\"@id\":\"https:\\\/\\\/brunnsvatten.sgs.com\\\/index.php\\\/produkt\\\/mikrobiologisk-normalkontroll\\\/#breadcrumb\",\"itemListElement\":[{\"@type\":\"ListItem\",\"position\":1,\"name\":\"Home\",\"item\":\"https:\\\/\\\/brunnsvatten.sgs.com\\\/\"},{\"@type\":\"ListItem\",\"position\":2,\"name\":\"Shop\",\"item\":\"https:\\\/\\\/brunnsvatten.sgs.com\\\/\"},{\"@type\":\"ListItem\",\"position\":3,\"name\":\"Mikrobiologisk normalkontroll\"}]},{\"@type\":\"WebSite\",\"@id\":\"https:\\\/\\\/brunnsvatten.sgs.com\\\/#website\",\"url\":\"https:\\\/\\\/brunnsvatten.sgs.com\\\/\",\"name\":\"Brunnsvatten: SGS Webbshop\",\"description\":\"Vatten \u00e4r ett av v\u00e5ra viktigaste livsmedel och vi p\u00e5 SGS vill g\u00f6ra det tryggt f\u00f6r alla att dricka sitt vatten.\",\"publisher\":{\"@id\":\"https:\\\/\\\/brunnsvatten.sgs.com\\\/#organization\"},\"alternateName\":\"Brunnsvatten\",\"potentialAction\":[{\"@type\":\"SearchAction\",\"target\":{\"@type\":\"EntryPoint\",\"urlTemplate\":\"https:\\\/\\\/brunnsvatten.sgs.com\\\/?s={search_term_string}\"},\"query-input\":{\"@type\":\"PropertyValueSpecification\",\"valueRequired\":true,\"valueName\":\"search_term_string\"}}],\"inLanguage\":\"sv-SE\"},{\"@type\":\"Organization\",\"@id\":\"https:\\\/\\\/brunnsvatten.sgs.com\\\/#organization\",\"name\":\"SGS Analytics Sweden AB\",\"url\":\"https:\\\/\\\/brunnsvatten.sgs.com\\\/\",\"logo\":{\"@type\":\"ImageObject\",\"inLanguage\":\"sv-SE\",\"@id\":\"https:\\\/\\\/brunnsvatten.sgs.com\\\/#\\\/schema\\\/logo\\\/image\\\/\",\"url\":\"https:\\\/\\\/brunnsvatten.sgs.com\\\/wp-content\\\/uploads\\\/2023\\\/10\\\/SGS_brunnsvatten.png\",\"contentUrl\":\"https:\\\/\\\/brunnsvatten.sgs.com\\\/wp-content\\\/uploads\\\/2023\\\/10\\\/SGS_brunnsvatten.png\",\"width\":651,\"height\":78,\"caption\":\"SGS Analytics Sweden AB\"},\"image\":{\"@id\":\"https:\\\/\\\/brunnsvatten.sgs.com\\\/#\\\/schema\\\/logo\\\/image\\\/\"},\"sameAs\":[\"https:\\\/\\\/www.facebook.com\\\/Brunnsvatten\"]}]}<\/script>\r\n<!-- \/ Yoast SEO plugin. -->","yoast_head_json":{"title":"Mikrobiologisk normalkontroll","robots":{"index":"index","follow":"follow","max-snippet":"max-snippet:-1","max-image-preview":"max-image-preview:large","max-video-preview":"max-video-preview:-1"},"canonical":"https:\/\/brunnsvatten.sgs.com\/index.php\/produkt\/mikrobiologisk-normalkontroll\/","og_locale":"sv_SE","og_type":"article","og_title":"Mikrobiologisk normalkontroll","og_description":"Mikrobiologisk normalkontroll rekommenderas som uppf\u00f6ljning mellan provtagningarna av trygghetspaketet, som b\u00f6r ske vart tredje \u00e5r. Det \u00e4r inte ovanligt med ot\u00e4ta brunnar vilket g\u00f6r att\u00a0 ytvatten kontaminerat fr\u00e5n n\u00e4rliggande avlopp eller g\u00f6dsel kan f\u00f6ra in bakterier i brunnen. Det finns d\u00e5 en \u00f6verh\u00e4ngande risk f\u00f6r f\u00f6rekomst av sjukdomsframkallande organismer, vilket kan orsaka magsjuka, speciellt hos k\u00e4nsliga individer. Analys av E.coli och Koliforma bakterier svarar p\u00e5 om s\u00e5dana problem f\u00f6rekommer. Analysen av Odlingsbara mikroorganismer kompletterar bilden ytterligare av f\u00f6roreningar fr\u00e5n vatten eller jord.  SGS rekommenderar alltid trygghetspaketet, d\u00e4r mikrobiologisk normalkontroll ing\u00e5r,\u00a0 f\u00f6r att f\u00e5 en mer komplett kunskap om vattnets kvalitet.  I priset ing\u00e5r analys, provmaterial, provberedning och utskick av material.","og_url":"https:\/\/brunnsvatten.sgs.com\/index.php\/produkt\/mikrobiologisk-normalkontroll\/","og_site_name":"Brunnsvatten","article_publisher":"https:\/\/www.facebook.com\/Brunnsvatten","article_modified_time":"2026-01-23T08:18:23+00:00","og_image":[{"width":524,"height":392,"url":"https:\/\/brunnsvatten.sgs.com\/wp-content\/uploads\/2023\/10\/mikrobiologisknormalkontroll.jpg","type":"image\/jpeg"}],"twitter_card":"summary_large_image","schema":{"@context":"https:\/\/schema.org","@graph":[{"@type":"WebPage","@id":"https:\/\/brunnsvatten.sgs.com\/index.php\/produkt\/mikrobiologisk-normalkontroll\/","url":"https:\/\/brunnsvatten.sgs.com\/index.php\/produkt\/mikrobiologisk-normalkontroll\/","name":"Mikrobiologisk normalkontroll","isPartOf":{"@id":"https:\/\/brunnsvatten.sgs.com\/#website"},"primaryImageOfPage":{"@id":"https:\/\/brunnsvatten.sgs.com\/index.php\/produkt\/mikrobiologisk-normalkontroll\/#primaryimage"},"image":{"@id":"https:\/\/brunnsvatten.sgs.com\/index.php\/produkt\/mikrobiologisk-normalkontroll\/#primaryimage"},"thumbnailUrl":"https:\/\/brunnsvatten.sgs.com\/wp-content\/uploads\/2023\/10\/mikrobiologisknormalkontroll.jpg","datePublished":"2023-10-06T07:41:25+00:00","dateModified":"2026-01-23T08:18:23+00:00","breadcrumb":{"@id":"https:\/\/brunnsvatten.sgs.com\/index.php\/produkt\/mikrobiologisk-normalkontroll\/#breadcrumb"},"inLanguage":"sv-SE","potentialAction":[{"@type":"ReadAction","target":["https:\/\/brunnsvatten.sgs.com\/index.php\/produkt\/mikrobiologisk-normalkontroll\/"]}]},{"@type":"ImageObject","inLanguage":"sv-SE","@id":"https:\/\/brunnsvatten.sgs.com\/index.php\/produkt\/mikrobiologisk-normalkontroll\/#primaryimage","url":"https:\/\/brunnsvatten.sgs.com\/wp-content\/uploads\/2023\/10\/mikrobiologisknormalkontroll.jpg","contentUrl":"https:\/\/brunnsvatten.sgs.com\/wp-content\/uploads\/2023\/10\/mikrobiologisknormalkontroll.jpg","width":524,"height":392},{"@type":"BreadcrumbList","@id":"https:\/\/brunnsvatten.sgs.com\/index.php\/produkt\/mikrobiologisk-normalkontroll\/#breadcrumb","itemListElement":[{"@type":"ListItem","position":1,"name":"Home","item":"https:\/\/brunnsvatten.sgs.com\/"},{"@type":"ListItem","position":2,"name":"Shop","item":"https:\/\/brunnsvatten.sgs.com\/"},{"@type":"ListItem","position":3,"name":"Mikrobiologisk normalkontroll"}]},{"@type":"WebSite","@id":"https:\/\/brunnsvatten.sgs.com\/#website","url":"https:\/\/brunnsvatten.sgs.com\/","name":"Brunnsvatten: SGS Webbshop","description":"Vatten \u00e4r ett av v\u00e5ra viktigaste livsmedel och vi p\u00e5 SGS vill g\u00f6ra det tryggt f\u00f6r alla att dricka sitt vatten.","publisher":{"@id":"https:\/\/brunnsvatten.sgs.com\/#organization"},"alternateName":"Brunnsvatten","potentialAction":[{"@type":"SearchAction","target":{"@type":"EntryPoint","urlTemplate":"https:\/\/brunnsvatten.sgs.com\/?s={search_term_string}"},"query-input":{"@type":"PropertyValueSpecification","valueRequired":true,"valueName":"search_term_string"}}],"inLanguage":"sv-SE"},{"@type":"Organization","@id":"https:\/\/brunnsvatten.sgs.com\/#organization","name":"SGS Analytics Sweden AB","url":"https:\/\/brunnsvatten.sgs.com\/","logo":{"@type":"ImageObject","inLanguage":"sv-SE","@id":"https:\/\/brunnsvatten.sgs.com\/#\/schema\/logo\/image\/","url":"https:\/\/brunnsvatten.sgs.com\/wp-content\/uploads\/2023\/10\/SGS_brunnsvatten.png","contentUrl":"https:\/\/brunnsvatten.sgs.com\/wp-content\/uploads\/2023\/10\/SGS_brunnsvatten.png","width":651,"height":78,"caption":"SGS Analytics Sweden AB"},"image":{"@id":"https:\/\/brunnsvatten.sgs.com\/#\/schema\/logo\/image\/"},"sameAs":["https:\/\/www.facebook.com\/Brunnsvatten"]}]}},"_links":{"self":[{"href":"https:\/\/brunnsvatten.sgs.com\/index.php\/wp-json\/wp\/v2\/product\/79","targetHints":{"allow":["GET"]}}],"collection":[{"href":"https:\/\/brunnsvatten.sgs.com\/index.php\/wp-json\/wp\/v2\/product"}],"about":[{"href":"https:\/\/brunnsvatten.sgs.com\/index.php\/wp-json\/wp\/v2\/types\/product"}],"wp:featuredmedia":[{"embeddable":true,"href":"https:\/\/brunnsvatten.sgs.com\/index.php\/wp-json\/wp\/v2\/media\/80"}],"wp:attachment":[{"href":"https:\/\/brunnsvatten.sgs.com\/index.php\/wp-json\/wp\/v2\/media?parent=79"}],"wp:term":[{"taxonomy":"product_brand","embeddable":true,"href":"https:\/\/brunnsvatten.sgs.com\/index.php\/wp-json\/wp\/v2\/product_brand?post=79"},{"taxonomy":"product_cat","embeddable":true,"href":"https:\/\/brunnsvatten.sgs.com\/index.php\/wp-json\/wp\/v2\/product_cat?post=79"},{"taxonomy":"product_tag","embeddable":true,"href":"https:\/\/brunnsvatten.sgs.com\/index.php\/wp-json\/wp\/v2\/product_tag?post=79"}],"curies":[{"name":"wp","href":"https:\/\/api.w.org\/{rel}","templated":true}]}}